{"id":4947,"date":"2025-03-27T14:40:23","date_gmt":"2025-03-27T06:40:23","guid":{"rendered":"https:\/\/cabletug.com\/?post_type=product&#038;p=4947"},"modified":"2025-07-25T13:11:03","modified_gmt":"2025-07-25T05:11:03","slug":"cable-conveyor-machine","status":"publish","type":"product","link":"https:\/\/cabletug.com\/de\/produkt\/cable-conveyor-machine\/","title":{"rendered":"Kabelf\u00f6rdermaschine CT-2PRO"},"content":{"rendered":"<div data-elementor-type=\"product-post\" data-elementor-id=\"4947\" class=\"elementor elementor-4947\" data-elementor-post-type=\"product\">\n\t\t\t\t\t\t<section class=\"elementor-section elementor-top-section elementor-element elementor-element-daff562 elementor-section-boxed elementor-section-height-default elementor-section-height-default\" data-id=\"daff562\" data-element_type=\"section\" data-e-type=\"section\">\n\t\t\t\t\t\t<div class=\"elementor-container elementor-column-gap-default\">\n\t\t\t\t\t<div class=\"elementor-column elementor-col-100 elementor-top-column elementor-element elementor-element-badae73\" data-id=\"badae73\" data-element_type=\"column\" data-e-type=\"column\">\n\t\t\t<div class=\"elementor-widget-wrap elementor-element-populated\">\n\t\t\t\t\t\t<div class=\"elementor-element elementor-element-a746b95 elementor-tabs-view-horizontal elementor-widget elementor-widget-tabs\" data-id=\"a746b95\" data-element_type=\"widget\" data-e-type=\"widget\" data-widget_type=\"tabs.default\">\n\t\t\t\t<div class=\"elementor-widget-container\">\n\t\t\t\t\t\t\t<div class=\"elementor-tabs\">\n\t\t\t<div class=\"elementor-tabs-wrapper\" role=\"tablist\" >\n\t\t\t\t\t\t\t\t\t<div id=\"elementor-tab-title-1751\" class=\"elementor-tab-title elementor-tab-desktop-title\" aria-selected=\"true\" data-tab=\"1\" role=\"tab\" tabindex=\"0\" aria-controls=\"elementor-tab-content-1751\" aria-expanded=\"false\">Beschreibung<\/div>\n\t\t\t\t\t\t\t<\/div>\n\t\t\t<div class=\"elementor-tabs-content-wrapper\" role=\"tablist\" aria-orientation=\"vertical\">\n\t\t\t\t\t\t\t\t\t<div class=\"elementor-tab-title elementor-tab-mobile-title\" aria-selected=\"true\" data-tab=\"1\" role=\"tab\" tabindex=\"0\" aria-controls=\"elementor-tab-content-1751\" aria-expanded=\"false\">Beschreibung<\/div>\n\t\t\t\t\t<div id=\"elementor-tab-content-1751\" class=\"elementor-tab-content elementor-clearfix\" data-tab=\"1\" role=\"tabpanel\" aria-labelledby=\"elementor-tab-title-1751\" tabindex=\"0\" hidden=\"false\"><h2>Was ist der Vorteil von <b>CT-2PRO <\/b>Maschine zum Ziehen und Verlegen elektrischer Kabel\uff1f<\/h2><ul><li><b>+ <\/b>Verwenden Sie einen hochwertigen Motor mit reinem Kupferkern<\/li><li><b>+ <\/b>Vier G\u00e4nge mit stufenloser Geschwindigkeitsregelung mit Start und Stopp, zum Umschalten einen Schl\u00fcssel dr\u00fccken und ziehen<\/li><li><b>+ <\/b>Der Geschwindigkeitsbereich von 4\u201336\u00a0m\/min kann frei gesteuert werden.<\/li><li><b>+ <\/b>Hochwertiger verschlei\u00dffester Gummiblock, Verdickung, verschlei\u00dffest, rutschfest<\/li><li><b> +<\/b>Panel + Fernbedienung f\u00fcr einfachere Bedienung<\/li><\/ul><p>\u00a0<\/p><h2>Parameter<\/h2><p><b>Stromversorgung:<\/b> AC380V (Standard)<\/p><p><b>Geschwindigkeitsanpassung:<\/b>4 Stufen + stufenlose Geschwindigkeitsregulierung<\/p><p><b>Leistung:<\/b>3000 W (Wechselstrom)<\/p><p><b>F\u00f6rdergeschwindigkeit:<\/b>4 \u2013 36 m\/min<\/p><p><b>Optimale Geschwindigkeit:<\/b>16 \u2013 26 m\/min (2. und 3. Gang)<\/p><p><b>Maximale Zugkraft:<\/b>5600N<\/p><p><b>Kabeldurchmesser:<\/b>1 \u2013 18 cm<\/p><p><b>Abmessungen:<\/b>89,7 x 52,6 x 66,7 cm<\/p><p><b>Nettogewicht:<\/b>122 kg<\/p><\/div>\n\t\t\t\t\t\t\t<\/div>\n\t\t<\/div>\n\t\t\t\t\t\t<\/div>\n\t\t\t\t<\/div>\n\t\t\t\t\t<\/div>\n\t\t<\/div>\n\t\t\t\t\t<\/div>\n\t\t<\/section>\n\t\t\t\t<section class=\"elementor-section elementor-top-section elementor-element elementor-element-bf9d625 elementor-section-boxed elementor-section-height-default elementor-section-height-default\" data-id=\"bf9d625\" data-element_type=\"section\" data-e-type=\"section\">\n\t\t\t\t\t\t<div class=\"elementor-container elementor-column-gap-default\">\n\t\t\t\t\t<div class=\"elementor-column elementor-col-100 elementor-top-column elementor-element elementor-element-b6810ca\" data-id=\"b6810ca\" data-element_type=\"column\" data-e-type=\"column\">\n\t\t\t<div class=\"elementor-widget-wrap\">\n\t\t\t\t\t\t\t<\/div>\n\t\t<\/div>\n\t\t\t\t\t<\/div>\n\t\t<\/section>\n\t\t\t\t<section class=\"elementor-section elementor-top-section elementor-element elementor-element-4c8b470 elementor-section-boxed elementor-section-height-default elementor-section-height-default\" data-id=\"4c8b470\" data-element_type=\"section\" data-e-type=\"section\">\n\t\t\t\t\t\t<div class=\"elementor-container elementor-column-gap-default\">\n\t\t\t\t\t<div class=\"elementor-column elementor-col-100 elementor-top-column elementor-element elementor-element-6dd2f7e5\" data-id=\"6dd2f7e5\" data-element_type=\"column\" data-e-type=\"column\">\n\t\t\t<div class=\"elementor-widget-wrap elementor-element-populated\">\n\t\t\t\t\t\t<div class=\"elementor-element elementor-element-63dddad2 elementor-widget elementor-widget-heading\" data-id=\"63dddad2\" data-element_type=\"widget\" data-e-type=\"widget\" data-widget_type=\"heading.default\">\n\t\t\t\t<div class=\"elementor-widget-container\">\n\t\t\t\t\t<h2 class=\"elementor-heading-title elementor-size-default\">Verwandte Produkte<\/h2>\t\t\t\t<\/div>\n\t\t\t\t<\/div>\n\t\t\t\t<section class=\"elementor-section elementor-inner-section elementor-element elementor-element-6628b54b elementor-section-boxed elementor-section-height-default elementor-section-height-default\" data-id=\"6628b54b\" data-element_type=\"section\" data-e-type=\"section\">\n\t\t\t\t\t\t<div class=\"elementor-container elementor-column-gap-default\">\n\t\t\t\t\t<div class=\"elementor-column elementor-col-33 elementor-inner-column elementor-element elementor-element-3d76d63c\" data-id=\"3d76d63c\" data-element_type=\"column\" data-e-type=\"column\">\n\t\t\t<div class=\"elementor-widget-wrap elementor-element-populated\">\n\t\t\t\t\t\t<div class=\"elementor-element elementor-element-525673a7 elementor-widget elementor-widget-image\" data-id=\"525673a7\" data-element_type=\"widget\" data-e-type=\"widget\" data-widget_type=\"image.default\">\n\t\t\t\t<div class=\"elementor-widget-container\">\n\t\t\t\t\t\t\t\t\t\t\t\t<figure class=\"wp-caption\">\n\t\t\t\t\t\t\t\t\t\t\t<a href=\"https:\/\/cabletug.com\/de\/produkt\/cable-pulling-machine\/\">\n\t\t\t\t\t\t\t<img fetchpriority=\"high\" decoding=\"async\" width=\"600\" height=\"400\" src=\"https:\/\/cabletug.com\/wp-content\/uploads\/2025\/03\/75939ea03676ec100cb4cc80564a1eb.jpg\" class=\"attachment-large size-large wp-image-5039\" alt=\"cable pulling machine CT-600MAX\" srcset=\"https:\/\/cabletug.com\/wp-content\/uploads\/2025\/03\/75939ea03676ec100cb4cc80564a1eb.jpg 600w, https:\/\/cabletug.com\/wp-content\/uploads\/2025\/03\/75939ea03676ec100cb4cc80564a1eb-300x200.jpg 300w\" sizes=\"(max-width: 600px) 100vw, 600px\" \/>\t\t\t\t\t\t\t\t<\/a>\n\t\t\t\t\t\t\t\t\t\t\t<figcaption class=\"widget-image-caption wp-caption-text\">Kabelziehmaschine CT-600MAX<\/figcaption>\n\t\t\t\t\t\t\t\t\t\t<\/figure>\n\t\t\t\t\t\t\t\t\t<\/div>\n\t\t\t\t<\/div>\n\t\t\t\t\t<\/div>\n\t\t<\/div>\n\t\t\t\t<div class=\"elementor-column elementor-col-33 elementor-inner-column elementor-element elementor-element-6fccf9f2\" data-id=\"6fccf9f2\" data-element_type=\"column\" data-e-type=\"column\">\n\t\t\t<div class=\"elementor-widget-wrap elementor-element-populated\">\n\t\t\t\t\t\t<div class=\"elementor-element elementor-element-2ab180ed elementor-widget elementor-widget-image\" data-id=\"2ab180ed\" data-element_type=\"widget\" data-e-type=\"widget\" data-widget_type=\"image.default\">\n\t\t\t\t<div class=\"elementor-widget-container\">\n\t\t\t\t\t\t\t\t\t\t\t\t<figure class=\"wp-caption\">\n\t\t\t\t\t\t\t\t\t\t\t<a href=\"https:\/\/cabletug.com\/de\/produkt\/electric-cable-pulling-machine\/\">\n\t\t\t\t\t\t\t<img decoding=\"async\" width=\"637\" height=\"494\" src=\"https:\/\/cabletug.com\/wp-content\/uploads\/2025\/03\/Diagram-of-joint-control.jpg\" class=\"attachment-large size-large wp-image-5473\" alt=\"Diagram of joint control\" srcset=\"https:\/\/cabletug.com\/wp-content\/uploads\/2025\/03\/Diagram-of-joint-control.jpg 637w, https:\/\/cabletug.com\/wp-content\/uploads\/2025\/03\/Diagram-of-joint-control-300x233.jpg 300w, https:\/\/cabletug.com\/wp-content\/uploads\/2025\/03\/Diagram-of-joint-control-15x12.jpg 15w, https:\/\/cabletug.com\/wp-content\/uploads\/2025\/03\/Diagram-of-joint-control-600x465.jpg 600w\" sizes=\"(max-width: 637px) 100vw, 637px\" \/>\t\t\t\t\t\t\t\t<\/a>\n\t\t\t\t\t\t\t\t\t\t\t<figcaption class=\"widget-image-caption wp-caption-text\">CT-900 Kabelziehmaschine<\/figcaption>\n\t\t\t\t\t\t\t\t\t\t<\/figure>\n\t\t\t\t\t\t\t\t\t<\/div>\n\t\t\t\t<\/div>\n\t\t\t\t\t<\/div>\n\t\t<\/div>\n\t\t\t\t<div class=\"elementor-column elementor-col-33 elementor-inner-column elementor-element elementor-element-42150374\" data-id=\"42150374\" data-element_type=\"column\" data-e-type=\"column\">\n\t\t\t<div class=\"elementor-widget-wrap elementor-element-populated\">\n\t\t\t\t\t\t<div class=\"elementor-element elementor-element-618dbed8 elementor-widget elementor-widget-image\" data-id=\"618dbed8\" data-element_type=\"widget\" data-e-type=\"widget\" data-widget_type=\"image.default\">\n\t\t\t\t<div class=\"elementor-widget-container\">\n\t\t\t\t\t\t\t\t\t\t\t\t<figure class=\"wp-caption\">\n\t\t\t\t\t\t\t\t\t\t\t<a href=\"https:\/\/cabletug.com\/de\/produkt\/gasoline-cable-pulling-machine\/\">\n\t\t\t\t\t\t\t<img decoding=\"async\" width=\"600\" height=\"400\" src=\"https:\/\/cabletug.com\/wp-content\/uploads\/2025\/03\/\u725b3\u65e0logo1.jpg\" class=\"attachment-large size-large wp-image-5049\" alt=\"gasoline or diesel cable pulling machine CT-3\" srcset=\"https:\/\/cabletug.com\/wp-content\/uploads\/2025\/03\/\u725b3\u65e0logo1.jpg 600w, https:\/\/cabletug.com\/wp-content\/uploads\/2025\/03\/\u725b3\u65e0logo1-300x200.jpg 300w\" sizes=\"(max-width: 600px) 100vw, 600px\" \/>\t\t\t\t\t\t\t\t<\/a>\n\t\t\t\t\t\t\t\t\t\t\t<figcaption class=\"widget-image-caption wp-caption-text\">Kabelziehmaschine CT-3<\/figcaption>\n\t\t\t\t\t\t\t\t\t\t<\/figure>\n\t\t\t\t\t\t\t\t\t<\/div>\n\t\t\t\t<\/div>\n\t\t\t\t\t<\/div>\n\t\t<\/div>\n\t\t\t\t\t<\/div>\n\t\t<\/section>\n\t\t\t\t<div class=\"elementor-element elementor-element-77327d6 elementor-align-left elementor-mobile-align-center elementor-widget elementor-widget-global elementor-global-4452 elementor-widget-button\" data-id=\"77327d6\" data-element_type=\"widget\" data-e-type=\"widget\" data-widget_type=\"button.default\">\n\t\t\t\t<div class=\"elementor-widget-container\">\n\t\t\t\t\t\t\t\t\t<div class=\"elementor-button-wrapper\">\n\t\t\t\t\t<a class=\"elementor-button elementor-button-link elementor-size-sm\" href=\"#elementor-action%3Aaction%3Dpopup%3Aopen%26settings%3DeyJpZCI6IjI5NSIsInRvZ2dsZSI6ZmFsc2V9\">\n\t\t\t\t\t\t<span class=\"elementor-button-content-wrapper\">\n\t\t\t\t\t\t\t\t\t<span class=\"elementor-button-text\">Kontaktieren Sie uns<\/span>\n\t\t\t\t\t<\/span>\n\t\t\t\t\t<\/a>\n\t\t\t\t<\/div>\n\t\t\t\t\t\t\t\t<\/div>\n\t\t\t\t<\/div>\n\t\t\t\t\t<\/div>\n\t\t<\/div>\n\t\t\t\t\t<\/div>\n\t\t<\/section>\n\t\t\t\t<\/div>","protected":false},"excerpt":{"rendered":"<p>Description Description What is the advantage of CT-2PRO electrical cable pulling &amp; laying machine\uff1f + Adopt high quality pure copper core motor + Four gears of infinitely variable speed with start and stop, push and pull a key to switch + 4-36m\/min range of speed increase and decrease can be freely controlled. + High-quality wear-resistant [&hellip;]<\/p>","protected":false},"featured_media":5038,"comment_status":"open","ping_status":"closed","template":"","meta":{"_seopress_robots_primary_cat":"none","_seopress_titles_title":"Cable Conveyor Machine","_seopress_titles_desc":"Long-distance cable conveyor for tunnels &amp; subways. Free engineering support!","_seopress_robots_index":""},"product_brand":[],"product_cat":[15],"product_tag":[],"class_list":{"0":"post-4947","1":"product","2":"type-product","3":"status-publish","4":"has-post-thumbnail","6":"product_cat-cable-laying-conveyor","8":"first","9":"instock","10":"shipping-taxable","11":"product-type-simple"},"_links":{"self":[{"href":"https:\/\/cabletug.com\/de\/wp-json\/wp\/v2\/product\/4947","targetHints":{"allow":["GET"]}}],"collection":[{"href":"https:\/\/cabletug.com\/de\/wp-json\/wp\/v2\/product"}],"about":[{"href":"https:\/\/cabletug.com\/de\/wp-json\/wp\/v2\/types\/product"}],"replies":[{"embeddable":true,"href":"https:\/\/cabletug.com\/de\/wp-json\/wp\/v2\/comments?post=4947"}],"version-history":[{"count":7,"href":"https:\/\/cabletug.com\/de\/wp-json\/wp\/v2\/product\/4947\/revisions"}],"predecessor-version":[{"id":5479,"href":"https:\/\/cabletug.com\/de\/wp-json\/wp\/v2\/product\/4947\/revisions\/5479"}],"wp:featuredmedia":[{"embeddable":true,"href":"https:\/\/cabletug.com\/de\/wp-json\/wp\/v2\/media\/5038"}],"wp:attachment":[{"href":"https:\/\/cabletug.com\/de\/wp-json\/wp\/v2\/media?parent=4947"}],"wp:term":[{"taxonomy":"product_brand","embeddable":true,"href":"https:\/\/cabletug.com\/de\/wp-json\/wp\/v2\/product_brand?post=4947"},{"taxonomy":"product_cat","embeddable":true,"href":"https:\/\/cabletug.com\/de\/wp-json\/wp\/v2\/product_cat?post=4947"},{"taxonomy":"product_tag","embeddable":true,"href":"https:\/\/cabletug.com\/de\/wp-json\/wp\/v2\/product_tag?post=4947"}],"curies":[{"name":"wp","href":"https:\/\/api.w.org\/{rel}","templated":true}]}}