{"id":5337,"date":"2025-05-21T15:44:59","date_gmt":"2025-05-21T07:44:59","guid":{"rendered":"https:\/\/cabletug.com\/?post_type=product&#038;p=5337"},"modified":"2026-04-22T12:50:54","modified_gmt":"2026-04-22T04:50:54","slug":"cable-rollers","status":"publish","type":"product","link":"https:\/\/cabletug.com\/de\/produkt\/cable-rollers\/","title":{"rendered":"Kabelrollen"},"content":{"rendered":"<div data-elementor-type=\"product-post\" data-elementor-id=\"5337\" class=\"elementor elementor-5337\" data-elementor-post-type=\"product\">\n\t\t\t\t\t\t<section class=\"elementor-section elementor-top-section elementor-element elementor-element-63c43a0b elementor-section-boxed elementor-section-height-default elementor-section-height-default\" data-id=\"63c43a0b\" data-element_type=\"section\" data-e-type=\"section\">\n\t\t\t\t\t\t<div class=\"elementor-container elementor-column-gap-default\">\n\t\t\t\t\t<div class=\"elementor-column elementor-col-100 elementor-top-column elementor-element elementor-element-57d90f51\" data-id=\"57d90f51\" data-element_type=\"column\" data-e-type=\"column\">\n\t\t\t<div class=\"elementor-widget-wrap elementor-element-populated\">\n\t\t\t\t\t\t<div class=\"elementor-element elementor-element-5f9668e2 elementor-widget elementor-widget-text-editor\" data-id=\"5f9668e2\" data-element_type=\"widget\" data-e-type=\"widget\" data-widget_type=\"text-editor.default\">\n\t\t\t\t<div class=\"elementor-widget-container\">\n\t\t\t\t\t\t\t\t\t<h2>Warum brauchen wir beim Kabelziehen und -transport Rollen?<\/h2><p>Rollen sind mechanische Optimierungswerkzeuge bei der Kabelverlegung. Durch die Integration dreier Kernfunktionen \u2013 Reibungskontrolle, Spannungsmanagement und Wegf\u00fchrung \u2013 bew\u00e4ltigen sie die mechanischen Herausforderungen beim Kabelziehen und -transport und gew\u00e4hrleisten gleichzeitig Baueffizienz, Kabellebensdauer und Personalsicherheit. Bei Projekten mit Hochspannungskabeln, Seekabeln, st\u00e4dtischen Stromnetzen und \u00e4hnlichen technischen Anwendungen sind Rollensysteme unverzichtbare Schl\u00fcsselausr\u00fcstung.<\/p><h2>Aus welchem Material werden \u00fcblicherweise Rollen hergestellt?<\/h2><p>Wir haben Stahl- und Nylonmaterialien zur Auswahl. Dies h\u00e4ngt von Ihrem Kabelverlegungsprojekt ab, z. B. Rohr\u00f6ffnungsrolle, Dreifach-Rollenblock, Eckrolle, Kabelkanalrolle, Kabelgrubeneinf\u00fchrungsrolle, gerade laufende Rolle<\/p><p><img fetchpriority=\"high\" decoding=\"async\" class=\"alignnone size-medium wp-image-5344\" src=\"https:\/\/cabletug.com\/wp-content\/uploads\/2025\/05\/\u5b9e\u5fc3\u94a2\u5236\u7535\u7f06\u653e\u7ebf\u6ed1\u8f6e-\u6837\u5f0f\u578b\u53f7\u9f50\u5168\uff0c\u6ee1\u8db3\u5404\u79cd\u7535\u7f06\u94fa\u8bbe\u65bd\u5de5\uff0c\u52a0\u539a\u94a2\u677f\u8bbe\u8ba1\uff0c\u627f\u8f7d\u66f4\u5f3a-300x225.jpg\" alt=\"steel rollers\" width=\"300\" height=\"225\" srcset=\"https:\/\/cabletug.com\/wp-content\/uploads\/2025\/05\/\u5b9e\u5fc3\u94a2\u5236\u7535\u7f06\u653e\u7ebf\u6ed1\u8f6e-\u6837\u5f0f\u578b\u53f7\u9f50\u5168\uff0c\u6ee1\u8db3\u5404\u79cd\u7535\u7f06\u94fa\u8bbe\u65bd\u5de5\uff0c\u52a0\u539a\u94a2\u677f\u8bbe\u8ba1\uff0c\u627f\u8f7d\u66f4\u5f3a-300x225.jpg 300w, https:\/\/cabletug.com\/wp-content\/uploads\/2025\/05\/\u5b9e\u5fc3\u94a2\u5236\u7535\u7f06\u653e\u7ebf\u6ed1\u8f6e-\u6837\u5f0f\u578b\u53f7\u9f50\u5168\uff0c\u6ee1\u8db3\u5404\u79cd\u7535\u7f06\u94fa\u8bbe\u65bd\u5de5\uff0c\u52a0\u539a\u94a2\u677f\u8bbe\u8ba1\uff0c\u627f\u8f7d\u66f4\u5f3a-768x576.jpg 768w, https:\/\/cabletug.com\/wp-content\/uploads\/2025\/05\/\u5b9e\u5fc3\u94a2\u5236\u7535\u7f06\u653e\u7ebf\u6ed1\u8f6e-\u6837\u5f0f\u578b\u53f7\u9f50\u5168\uff0c\u6ee1\u8db3\u5404\u79cd\u7535\u7f06\u94fa\u8bbe\u65bd\u5de5\uff0c\u52a0\u539a\u94a2\u677f\u8bbe\u8ba1\uff0c\u627f\u8f7d\u66f4\u5f3a-16x12.jpg 16w, https:\/\/cabletug.com\/wp-content\/uploads\/2025\/05\/\u5b9e\u5fc3\u94a2\u5236\u7535\u7f06\u653e\u7ebf\u6ed1\u8f6e-\u6837\u5f0f\u578b\u53f7\u9f50\u5168\uff0c\u6ee1\u8db3\u5404\u79cd\u7535\u7f06\u94fa\u8bbe\u65bd\u5de5\uff0c\u52a0\u539a\u94a2\u677f\u8bbe\u8ba1\uff0c\u627f\u8f7d\u66f4\u5f3a-600x450.jpg 600w, https:\/\/cabletug.com\/wp-content\/uploads\/2025\/05\/\u5b9e\u5fc3\u94a2\u5236\u7535\u7f06\u653e\u7ebf\u6ed1\u8f6e-\u6837\u5f0f\u578b\u53f7\u9f50\u5168\uff0c\u6ee1\u8db3\u5404\u79cd\u7535\u7f06\u94fa\u8bbe\u65bd\u5de5\uff0c\u52a0\u539a\u94a2\u677f\u8bbe\u8ba1\uff0c\u627f\u8f7d\u66f4\u5f3a.jpg 800w\" sizes=\"(max-width: 300px) 100vw, 300px\" \/> <img decoding=\"async\" class=\"alignnone size-medium wp-image-5345\" src=\"https:\/\/cabletug.com\/wp-content\/uploads\/2025\/05\/\u4f18\u8d28\u5c3c\u9f99\u7535\u7f06\u653e\u7ebf\u6ed1\u8f6e-\u6837\u5f0f\u578b\u53f7\u9f50\u5168\uff0c\u6ee1\u8db3\u5404\u79cd\u7535\u7f06\u94fa\u8bbe\u65bd\u5de5\uff0c\u52a0\u539a\u8bbe\u8ba1\uff0c\u627f\u8f7d\u66f4\u5f3a-300x225.jpg\" alt=\"nylon roller\" width=\"300\" height=\"225\" srcset=\"https:\/\/cabletug.com\/wp-content\/uploads\/2025\/05\/\u4f18\u8d28\u5c3c\u9f99\u7535\u7f06\u653e\u7ebf\u6ed1\u8f6e-\u6837\u5f0f\u578b\u53f7\u9f50\u5168\uff0c\u6ee1\u8db3\u5404\u79cd\u7535\u7f06\u94fa\u8bbe\u65bd\u5de5\uff0c\u52a0\u539a\u8bbe\u8ba1\uff0c\u627f\u8f7d\u66f4\u5f3a-300x225.jpg 300w, https:\/\/cabletug.com\/wp-content\/uploads\/2025\/05\/\u4f18\u8d28\u5c3c\u9f99\u7535\u7f06\u653e\u7ebf\u6ed1\u8f6e-\u6837\u5f0f\u578b\u53f7\u9f50\u5168\uff0c\u6ee1\u8db3\u5404\u79cd\u7535\u7f06\u94fa\u8bbe\u65bd\u5de5\uff0c\u52a0\u539a\u8bbe\u8ba1\uff0c\u627f\u8f7d\u66f4\u5f3a-768x576.jpg 768w, https:\/\/cabletug.com\/wp-content\/uploads\/2025\/05\/\u4f18\u8d28\u5c3c\u9f99\u7535\u7f06\u653e\u7ebf\u6ed1\u8f6e-\u6837\u5f0f\u578b\u53f7\u9f50\u5168\uff0c\u6ee1\u8db3\u5404\u79cd\u7535\u7f06\u94fa\u8bbe\u65bd\u5de5\uff0c\u52a0\u539a\u8bbe\u8ba1\uff0c\u627f\u8f7d\u66f4\u5f3a-16x12.jpg 16w, https:\/\/cabletug.com\/wp-content\/uploads\/2025\/05\/\u4f18\u8d28\u5c3c\u9f99\u7535\u7f06\u653e\u7ebf\u6ed1\u8f6e-\u6837\u5f0f\u578b\u53f7\u9f50\u5168\uff0c\u6ee1\u8db3\u5404\u79cd\u7535\u7f06\u94fa\u8bbe\u65bd\u5de5\uff0c\u52a0\u539a\u8bbe\u8ba1\uff0c\u627f\u8f7d\u66f4\u5f3a-600x450.jpg 600w, https:\/\/cabletug.com\/wp-content\/uploads\/2025\/05\/\u4f18\u8d28\u5c3c\u9f99\u7535\u7f06\u653e\u7ebf\u6ed1\u8f6e-\u6837\u5f0f\u578b\u53f7\u9f50\u5168\uff0c\u6ee1\u8db3\u5404\u79cd\u7535\u7f06\u94fa\u8bbe\u65bd\u5de5\uff0c\u52a0\u539a\u8bbe\u8ba1\uff0c\u627f\u8f7d\u66f4\u5f3a.jpg 800w\" sizes=\"(max-width: 300px) 100vw, 300px\" \/><\/p><h2>Rollenanwendungsprojekte f\u00fcr den Kabeleinzug<\/h2><p><img decoding=\"async\" class=\"alignnone size-medium wp-image-5349\" src=\"https:\/\/cabletug.com\/wp-content\/uploads\/2025\/05\/roller-153x300.jpg\" alt=\"roller projects\" width=\"153\" height=\"300\" srcset=\"https:\/\/cabletug.com\/wp-content\/uploads\/2025\/05\/roller-153x300.jpg 153w, https:\/\/cabletug.com\/wp-content\/uploads\/2025\/05\/roller-523x1024.jpg 523w, https:\/\/cabletug.com\/wp-content\/uploads\/2025\/05\/roller-6x12.jpg 6w, https:\/\/cabletug.com\/wp-content\/uploads\/2025\/05\/roller-600x1174.jpg 600w, https:\/\/cabletug.com\/wp-content\/uploads\/2025\/05\/roller.jpg 601w\" sizes=\"(max-width: 153px) 100vw, 153px\" \/>\u00a0 \u00a0 <img loading=\"lazy\" decoding=\"async\" class=\"alignnone size-medium wp-image-5350\" src=\"https:\/\/cabletug.com\/wp-content\/uploads\/2025\/05\/roller-for-underground-cable-pulling-174x300.jpg\" alt=\"roller for underground cable pulling\" width=\"174\" height=\"300\" srcset=\"https:\/\/cabletug.com\/wp-content\/uploads\/2025\/05\/roller-for-underground-cable-pulling-174x300.jpg 174w, https:\/\/cabletug.com\/wp-content\/uploads\/2025\/05\/roller-for-underground-cable-pulling-7x12.jpg 7w, https:\/\/cabletug.com\/wp-content\/uploads\/2025\/05\/roller-for-underground-cable-pulling.jpg 377w\" sizes=\"(max-width: 174px) 100vw, 174px\" \/><\/p><p>\u00a0<\/p>\t\t\t\t\t\t\t\t<\/div>\n\t\t\t\t<\/div>\n\t\t\t\t\t<\/div>\n\t\t<\/div>\n\t\t\t\t\t<\/div>\n\t\t<\/section>\n\t\t\t\t<section class=\"elementor-section elementor-top-section elementor-element elementor-element-441cbf4 elementor-section-boxed elementor-section-height-default elementor-section-height-default\" data-id=\"441cbf4\" data-element_type=\"section\" data-e-type=\"section\">\n\t\t\t\t\t\t<div class=\"elementor-container elementor-column-gap-default\">\n\t\t\t\t\t<div class=\"elementor-column elementor-col-100 elementor-top-column elementor-element elementor-element-33f0b8d\" data-id=\"33f0b8d\" data-element_type=\"column\" data-e-type=\"column\">\n\t\t\t<div class=\"elementor-widget-wrap elementor-element-populated\">\n\t\t\t\t\t\t<div class=\"elementor-element elementor-element-1d1dd00 elementor-widget elementor-widget-heading\" data-id=\"1d1dd00\" data-element_type=\"widget\" data-e-type=\"widget\" data-widget_type=\"heading.default\">\n\t\t\t\t<div class=\"elementor-widget-container\">\n\t\t\t\t\t<h2 class=\"elementor-heading-title elementor-size-default\">Factory show case<\/h2>\t\t\t\t<\/div>\n\t\t\t\t<\/div>\n\t\t\t\t<div class=\"elementor-element elementor-element-6d2cf59 elementor-arrows-position-outside elementor-pagination-position-outside elementor-widget elementor-widget-global elementor-global-4507 elementor-widget-image-carousel\" data-id=\"6d2cf59\" data-element_type=\"widget\" data-e-type=\"widget\" data-settings=\"{&quot;image_spacing_custom&quot;:{&quot;unit&quot;:&quot;px&quot;,&quot;size&quot;:17,&quot;sizes&quot;:[]},&quot;navigation&quot;:&quot;both&quot;,&quot;autoplay&quot;:&quot;yes&quot;,&quot;pause_on_hover&quot;:&quot;yes&quot;,&quot;pause_on_interaction&quot;:&quot;yes&quot;,&quot;autoplay_speed&quot;:5000,&quot;infinite&quot;:&quot;yes&quot;,&quot;speed&quot;:500,&quot;image_spacing_custom_tablet&quot;:{&quot;unit&quot;:&quot;px&quot;,&quot;size&quot;:&quot;&quot;,&quot;sizes&quot;:[]},&quot;image_spacing_custom_mobile&quot;:{&quot;unit&quot;:&quot;px&quot;,&quot;size&quot;:&quot;&quot;,&quot;sizes&quot;:[]}}\" data-widget_type=\"image-carousel.default\">\n\t\t\t\t<div class=\"elementor-widget-container\">\n\t\t\t\t\t\t\t<div class=\"elementor-image-carousel-wrapper swiper\" role=\"region\" aria-roledescription=\"carousel\" aria-label=\"Image Carousel\" dir=\"ltr\">\n\t\t\t<div class=\"elementor-image-carousel swiper-wrapper swiper-image-stretch\" aria-live=\"off\">\n\t\t\t\t\t\t\t\t<div class=\"swiper-slide\" role=\"group\" aria-roledescription=\"slide\" aria-label=\"1 of 5\"><a data-elementor-open-lightbox=\"yes\" data-elementor-lightbox-slideshow=\"6d2cf59\" data-e-action-hash=\"#elementor-action%3Aaction%3Dlightbox%26settings%3DeyJpZCI6NTY4MywidXJsIjoiaHR0cHM6XC9cL2NhYmxldHVnLmNvbVwvd3AtY29udGVudFwvdXBsb2Fkc1wvMjAyNlwvMDRcL1x1NWZhZVx1NGZlMVx1NTZmZVx1NzI0N18yMDI1MDMyNjE0NDE0Mi5qcGciLCJzbGlkZXNob3ciOiI2ZDJjZjU5In0%3D\" href=\"https:\/\/cabletug.com\/de\/\"><figure class=\"swiper-slide-inner\"><img decoding=\"async\" class=\"swiper-slide-image\" src=\"https:\/\/cabletug.com\/wp-content\/uploads\/2026\/04\/\u5fae\u4fe1\u56fe\u7247_20250326144142.jpg\" alt=\"cable conveyor parts maching\" \/><\/figure><\/a><\/div><div class=\"swiper-slide\" role=\"group\" aria-roledescription=\"slide\" aria-label=\"2 of 5\"><a data-elementor-open-lightbox=\"yes\" data-elementor-lightbox-slideshow=\"6d2cf59\" data-e-action-hash=\"#elementor-action%3Aaction%3Dlightbox%26settings%3DeyJpZCI6NTY4NCwidXJsIjoiaHR0cHM6XC9cL2NhYmxldHVnLmNvbVwvd3AtY29udGVudFwvdXBsb2Fkc1wvMjAyNlwvMDRcL1x1NWZhZVx1NGZlMVx1NTZmZVx1NzI0N18yMDI1MDMyNjE0NDEzNDEuanBnIiwic2xpZGVzaG93IjoiNmQyY2Y1OSJ9\" href=\"https:\/\/cabletug.com\/de\/\"><figure class=\"swiper-slide-inner\"><img decoding=\"async\" class=\"swiper-slide-image\" src=\"https:\/\/cabletug.com\/wp-content\/uploads\/2026\/04\/\u5fae\u4fe1\u56fe\u7247_202503261441341.jpg\" alt=\"cable conveyor parts welding\" \/><\/figure><\/a><\/div><div class=\"swiper-slide\" role=\"group\" aria-roledescription=\"slide\" aria-label=\"3 of 5\"><a data-elementor-open-lightbox=\"yes\" data-elementor-lightbox-slideshow=\"6d2cf59\" data-e-action-hash=\"#elementor-action%3Aaction%3Dlightbox%26settings%3DeyJpZCI6NTY4NSwidXJsIjoiaHR0cHM6XC9cL2NhYmxldHVnLmNvbVwvd3AtY29udGVudFwvdXBsb2Fkc1wvMjAyNlwvMDRcL1x1NWZhZVx1NGZlMVx1NTZmZVx1NzI0N18yMDI1MDMyNjE0NDEzNTEuanBnIiwic2xpZGVzaG93IjoiNmQyY2Y1OSJ9\" href=\"https:\/\/cabletug.com\/de\/\"><figure class=\"swiper-slide-inner\"><img decoding=\"async\" class=\"swiper-slide-image\" src=\"https:\/\/cabletug.com\/wp-content\/uploads\/2026\/04\/\u5fae\u4fe1\u56fe\u7247_202503261441351.jpg\" alt=\"cable conveyor production team\" \/><\/figure><\/a><\/div><div class=\"swiper-slide\" role=\"group\" aria-roledescription=\"slide\" aria-label=\"4 of 5\"><a data-elementor-open-lightbox=\"yes\" data-elementor-lightbox-slideshow=\"6d2cf59\" data-e-action-hash=\"#elementor-action%3Aaction%3Dlightbox%26settings%3DeyJpZCI6NTY4NiwidXJsIjoiaHR0cHM6XC9cL2NhYmxldHVnLmNvbVwvd3AtY29udGVudFwvdXBsb2Fkc1wvMjAyNlwvMDRcL1x1NWZhZVx1NGZlMVx1NTZmZVx1NzI0N18yMDI1MDMyNjE0NDE0MTEuanBnIiwic2xpZGVzaG93IjoiNmQyY2Y1OSJ9\" href=\"https:\/\/cabletug.com\/de\/\"><figure class=\"swiper-slide-inner\"><img decoding=\"async\" class=\"swiper-slide-image\" src=\"https:\/\/cabletug.com\/wp-content\/uploads\/2026\/04\/\u5fae\u4fe1\u56fe\u7247_202503261441411.jpg\" alt=\"cable conveyor design team1\" \/><\/figure><\/a><\/div><div class=\"swiper-slide\" role=\"group\" aria-roledescription=\"slide\" aria-label=\"5 of 5\"><a data-elementor-open-lightbox=\"yes\" data-elementor-lightbox-slideshow=\"6d2cf59\" data-e-action-hash=\"#elementor-action%3Aaction%3Dlightbox%26settings%3DeyJpZCI6NTY4NywidXJsIjoiaHR0cHM6XC9cL2NhYmxldHVnLmNvbVwvd3AtY29udGVudFwvdXBsb2Fkc1wvMjAyNlwvMDRcL1x1NWZhZVx1NGZlMVx1NTZmZVx1NzI0N18yMDI1MDMyNjE0NDE0MTIuanBnIiwic2xpZGVzaG93IjoiNmQyY2Y1OSJ9\" href=\"https:\/\/cabletug.com\/de\/\"><figure class=\"swiper-slide-inner\"><img decoding=\"async\" class=\"swiper-slide-image\" src=\"https:\/\/cabletug.com\/wp-content\/uploads\/2026\/04\/\u5fae\u4fe1\u56fe\u7247_202503261441412.jpg\" alt=\"cable conveyor design team\" \/><\/figure><\/a><\/div>\t\t\t<\/div>\n\t\t\t\t\t\t\t\t\t\t\t\t<div class=\"elementor-swiper-button elementor-swiper-button-prev\" role=\"button\" tabindex=\"0\">\n\t\t\t\t\t\t<i aria-hidden=\"true\" class=\"eicon-chevron-left\"><\/i>\t\t\t\t\t<\/div>\n\t\t\t\t\t<div class=\"elementor-swiper-button elementor-swiper-button-next\" role=\"button\" tabindex=\"0\">\n\t\t\t\t\t\t<i aria-hidden=\"true\" class=\"eicon-chevron-right\"><\/i>\t\t\t\t\t<\/div>\n\t\t\t\t\n\t\t\t\t\t\t\t\t\t<div class=\"swiper-pagination\"><\/div>\n\t\t\t\t\t\t\t\t\t<\/div>\n\t\t\t\t\t\t<\/div>\n\t\t\t\t<\/div>\n\t\t\t\t\t<\/div>\n\t\t<\/div>\n\t\t\t\t\t<\/div>\n\t\t<\/section>\n\t\t\t\t<section class=\"elementor-section elementor-top-section elementor-element elementor-element-8ebb9fb elementor-section-boxed elementor-section-height-default elementor-section-height-default\" data-id=\"8ebb9fb\" data-element_type=\"section\" data-e-type=\"section\">\n\t\t\t\t\t\t<div class=\"elementor-container elementor-column-gap-default\">\n\t\t\t\t\t<div class=\"elementor-column elementor-col-100 elementor-top-column elementor-element elementor-element-2c03fd9\" data-id=\"2c03fd9\" data-element_type=\"column\" data-e-type=\"column\">\n\t\t\t<div class=\"elementor-widget-wrap\">\n\t\t\t\t\t\t\t<\/div>\n\t\t<\/div>\n\t\t\t\t\t<\/div>\n\t\t<\/section>\n\t\t\t\t<section class=\"elementor-section elementor-top-section elementor-element elementor-element-79144062 elementor-section-boxed elementor-section-height-default elementor-section-height-default\" data-id=\"79144062\" data-element_type=\"section\" data-e-type=\"section\">\n\t\t\t\t\t\t<div class=\"elementor-container elementor-column-gap-default\">\n\t\t\t\t\t<div class=\"elementor-column elementor-col-100 elementor-top-column elementor-element elementor-element-428559d8\" data-id=\"428559d8\" data-element_type=\"column\" data-e-type=\"column\">\n\t\t\t<div class=\"elementor-widget-wrap elementor-element-populated\">\n\t\t\t\t\t\t<div class=\"elementor-element elementor-element-7ae24543 elementor-widget elementor-widget-heading\" data-id=\"7ae24543\" data-element_type=\"widget\" data-e-type=\"widget\" data-widget_type=\"heading.default\">\n\t\t\t\t<div class=\"elementor-widget-container\">\n\t\t\t\t\t<h2 class=\"elementor-heading-title elementor-size-default\">Verwandte Produkte<\/h2>\t\t\t\t<\/div>\n\t\t\t\t<\/div>\n\t\t\t\t<section class=\"elementor-section elementor-inner-section elementor-element elementor-element-22352759 elementor-section-boxed elementor-section-height-default elementor-section-height-default\" data-id=\"22352759\" data-element_type=\"section\" data-e-type=\"section\">\n\t\t\t\t\t\t<div class=\"elementor-container elementor-column-gap-default\">\n\t\t\t\t\t<div class=\"elementor-column elementor-col-33 elementor-inner-column elementor-element elementor-element-1a12b365\" data-id=\"1a12b365\" data-element_type=\"column\" data-e-type=\"column\">\n\t\t\t<div class=\"elementor-widget-wrap elementor-element-populated\">\n\t\t\t\t\t\t<div class=\"elementor-element elementor-element-4a2480dc elementor-widget elementor-widget-image\" data-id=\"4a2480dc\" data-element_type=\"widget\" data-e-type=\"widget\" data-widget_type=\"image.default\">\n\t\t\t\t<div class=\"elementor-widget-container\">\n\t\t\t\t\t\t\t\t\t\t\t\t<figure class=\"wp-caption\">\n\t\t\t\t\t\t\t\t\t\t\t<a href=\"https:\/\/cabletug.com\/de\/produkt\/cable-pulling-machine\/\">\n\t\t\t\t\t\t\t<img loading=\"lazy\" decoding=\"async\" width=\"600\" height=\"400\" src=\"https:\/\/cabletug.com\/wp-content\/uploads\/2025\/03\/75939ea03676ec100cb4cc80564a1eb.jpg\" class=\"attachment-large size-large wp-image-5039\" alt=\"cable pulling machine CT-600MAX\" srcset=\"https:\/\/cabletug.com\/wp-content\/uploads\/2025\/03\/75939ea03676ec100cb4cc80564a1eb.jpg 600w, https:\/\/cabletug.com\/wp-content\/uploads\/2025\/03\/75939ea03676ec100cb4cc80564a1eb-300x200.jpg 300w\" sizes=\"(max-width: 600px) 100vw, 600px\" \/>\t\t\t\t\t\t\t\t<\/a>\n\t\t\t\t\t\t\t\t\t\t\t<figcaption class=\"widget-image-caption wp-caption-text\">Kabelziehmaschine CT-600MAX<\/figcaption>\n\t\t\t\t\t\t\t\t\t\t<\/figure>\n\t\t\t\t\t\t\t\t\t<\/div>\n\t\t\t\t<\/div>\n\t\t\t\t\t<\/div>\n\t\t<\/div>\n\t\t\t\t<div class=\"elementor-column elementor-col-33 elementor-inner-column elementor-element elementor-element-12e7ae70\" data-id=\"12e7ae70\" data-element_type=\"column\" data-e-type=\"column\">\n\t\t\t<div class=\"elementor-widget-wrap elementor-element-populated\">\n\t\t\t\t\t\t<div class=\"elementor-element elementor-element-25dd8305 elementor-widget elementor-widget-image\" data-id=\"25dd8305\" data-element_type=\"widget\" data-e-type=\"widget\" data-widget_type=\"image.default\">\n\t\t\t\t<div class=\"elementor-widget-container\">\n\t\t\t\t\t\t\t\t\t\t\t\t<figure class=\"wp-caption\">\n\t\t\t\t\t\t\t\t\t\t\t<a href=\"https:\/\/cabletug.com\/de\/produkt\/electrical-cable-winch\/\">\n\t\t\t\t\t\t\t<img loading=\"lazy\" decoding=\"async\" width=\"800\" height=\"600\" src=\"https:\/\/cabletug.com\/wp-content\/uploads\/2025\/04\/CF-4-40kn.jpg\" class=\"attachment-large size-large wp-image-5206\" alt=\"electrical cable winch\" srcset=\"https:\/\/cabletug.com\/wp-content\/uploads\/2025\/04\/CF-4-40kn.jpg 800w, https:\/\/cabletug.com\/wp-content\/uploads\/2025\/04\/CF-4-40kn-300x225.jpg 300w, https:\/\/cabletug.com\/wp-content\/uploads\/2025\/04\/CF-4-40kn-768x576.jpg 768w, https:\/\/cabletug.com\/wp-content\/uploads\/2025\/04\/CF-4-40kn-600x450.jpg 600w\" sizes=\"(max-width: 800px) 100vw, 800px\" \/>\t\t\t\t\t\t\t\t<\/a>\n\t\t\t\t\t\t\t\t\t\t\t<figcaption class=\"widget-image-caption wp-caption-text\">Elektrische Seilwinde<\/figcaption>\n\t\t\t\t\t\t\t\t\t\t<\/figure>\n\t\t\t\t\t\t\t\t\t<\/div>\n\t\t\t\t<\/div>\n\t\t\t\t\t<\/div>\n\t\t<\/div>\n\t\t\t\t<div class=\"elementor-column elementor-col-33 elementor-inner-column elementor-element elementor-element-757932f2\" data-id=\"757932f2\" data-element_type=\"column\" data-e-type=\"column\">\n\t\t\t<div class=\"elementor-widget-wrap elementor-element-populated\">\n\t\t\t\t\t\t<div class=\"elementor-element elementor-element-afc3702 elementor-widget elementor-widget-image\" data-id=\"afc3702\" data-element_type=\"widget\" data-e-type=\"widget\" data-widget_type=\"image.default\">\n\t\t\t\t<div class=\"elementor-widget-container\">\n\t\t\t\t\t\t\t\t\t\t\t\t<figure class=\"wp-caption\">\n\t\t\t\t\t\t\t\t\t\t\t<a href=\"https:\/\/cabletug.com\/de\/produkt\/cable-reel-stand\/\">\n\t\t\t\t\t\t\t<img loading=\"lazy\" decoding=\"async\" width=\"800\" height=\"600\" src=\"https:\/\/cabletug.com\/wp-content\/uploads\/2025\/05\/6032c04ce79a524c295647669fc16dc.jpg\" class=\"attachment-large size-large wp-image-5374\" alt=\"cable reel stand\" srcset=\"https:\/\/cabletug.com\/wp-content\/uploads\/2025\/05\/6032c04ce79a524c295647669fc16dc.jpg 800w, https:\/\/cabletug.com\/wp-content\/uploads\/2025\/05\/6032c04ce79a524c295647669fc16dc-300x225.jpg 300w, https:\/\/cabletug.com\/wp-content\/uploads\/2025\/05\/6032c04ce79a524c295647669fc16dc-768x576.jpg 768w, https:\/\/cabletug.com\/wp-content\/uploads\/2025\/05\/6032c04ce79a524c295647669fc16dc-16x12.jpg 16w, https:\/\/cabletug.com\/wp-content\/uploads\/2025\/05\/6032c04ce79a524c295647669fc16dc-600x450.jpg 600w\" sizes=\"(max-width: 800px) 100vw, 800px\" \/>\t\t\t\t\t\t\t\t<\/a>\n\t\t\t\t\t\t\t\t\t\t\t<figcaption class=\"widget-image-caption wp-caption-text\">Kabelrollenst\u00e4nder<\/figcaption>\n\t\t\t\t\t\t\t\t\t\t<\/figure>\n\t\t\t\t\t\t\t\t\t<\/div>\n\t\t\t\t<\/div>\n\t\t\t\t\t<\/div>\n\t\t<\/div>\n\t\t\t\t\t<\/div>\n\t\t<\/section>\n\t\t\t\t<div class=\"elementor-element elementor-element-7613113 elementor-align-left elementor-mobile-align-center elementor-widget elementor-widget-global elementor-global-4452 elementor-widget-button\" data-id=\"7613113\" data-element_type=\"widget\" data-e-type=\"widget\" data-widget_type=\"button.default\">\n\t\t\t\t<div class=\"elementor-widget-container\">\n\t\t\t\t\t\t\t\t\t<div class=\"elementor-button-wrapper\">\n\t\t\t\t\t<a class=\"elementor-button elementor-button-link elementor-size-sm\" href=\"#elementor-action%3Aaction%3Dpopup%3Aopen%26settings%3DeyJpZCI6IjI5NSIsInRvZ2dsZSI6ZmFsc2V9\">\n\t\t\t\t\t\t<span class=\"elementor-button-content-wrapper\">\n\t\t\t\t\t\t\t\t\t<span class=\"elementor-button-text\">Kontaktieren Sie uns<\/span>\n\t\t\t\t\t<\/span>\n\t\t\t\t\t<\/a>\n\t\t\t\t<\/div>\n\t\t\t\t\t\t\t\t<\/div>\n\t\t\t\t<\/div>\n\t\t\t\t\t<\/div>\n\t\t<\/div>\n\t\t\t\t\t<\/div>\n\t\t<\/section>\n\t\t\t\t<\/div>","protected":false},"excerpt":{"rendered":"<p>Why we need rollers during cable pulling &amp; conveying\uff1f Rollers are &#8220;mechanical optimization tools&#8221; in cable installation. By integrating three core functions\u2014friction control, tension management, and path guidance\u2014they address the mechanical challenges during cable pulling and conveying, while ensuring construction efficiency, cable service life, and personnel safety. In projects involving high-voltage cables, submarine cables, urban [&hellip;]<\/p>","protected":false},"featured_media":5668,"comment_status":"open","ping_status":"closed","template":"","meta":{"_seopress_robots_primary_cat":"none","_seopress_titles_title":"","_seopress_titles_desc":"","_seopress_robots_index":""},"product_brand":[],"product_cat":[84],"product_tag":[],"class_list":{"0":"post-5337","1":"product","2":"type-product","3":"status-publish","4":"has-post-thumbnail","6":"product_cat-cable-roller-cable-stand","8":"first","9":"instock","10":"shipping-taxable","11":"product-type-simple"},"_links":{"self":[{"href":"https:\/\/cabletug.com\/de\/wp-json\/wp\/v2\/product\/5337","targetHints":{"allow":["GET"]}}],"collection":[{"href":"https:\/\/cabletug.com\/de\/wp-json\/wp\/v2\/product"}],"about":[{"href":"https:\/\/cabletug.com\/de\/wp-json\/wp\/v2\/types\/product"}],"replies":[{"embeddable":true,"href":"https:\/\/cabletug.com\/de\/wp-json\/wp\/v2\/comments?post=5337"}],"version-history":[{"count":11,"href":"https:\/\/cabletug.com\/de\/wp-json\/wp\/v2\/product\/5337\/revisions"}],"predecessor-version":[{"id":5564,"href":"https:\/\/cabletug.com\/de\/wp-json\/wp\/v2\/product\/5337\/revisions\/5564"}],"wp:featuredmedia":[{"embeddable":true,"href":"https:\/\/cabletug.com\/de\/wp-json\/wp\/v2\/media\/5668"}],"wp:attachment":[{"href":"https:\/\/cabletug.com\/de\/wp-json\/wp\/v2\/media?parent=5337"}],"wp:term":[{"taxonomy":"product_brand","embeddable":true,"href":"https:\/\/cabletug.com\/de\/wp-json\/wp\/v2\/product_brand?post=5337"},{"taxonomy":"product_cat","embeddable":true,"href":"https:\/\/cabletug.com\/de\/wp-json\/wp\/v2\/product_cat?post=5337"},{"taxonomy":"product_tag","embeddable":true,"href":"https:\/\/cabletug.com\/de\/wp-json\/wp\/v2\/product_tag?post=5337"}],"curies":[{"name":"wp","href":"https:\/\/api.w.org\/{rel}","templated":true}]}}