{"id":4944,"date":"2025-03-27T14:38:39","date_gmt":"2025-03-27T06:38:39","guid":{"rendered":"https:\/\/cabletug.com\/?post_type=product&#038;p=4944"},"modified":"2025-08-21T17:50:58","modified_gmt":"2025-08-21T09:50:58","slug":"cable-pulling-winch","status":"publish","type":"product","link":"https:\/\/cabletug.com\/pt\/produto\/cable-pulling-winch\/","title":{"rendered":"Guincho de tra\u00e7\u00e3o de cabos CT-2MAX"},"content":{"rendered":"<div data-elementor-type=\"product-post\" data-elementor-id=\"4944\" class=\"elementor elementor-4944\" data-elementor-post-type=\"product\">\n\t\t\t\t\t\t<section class=\"elementor-section elementor-top-section elementor-element elementor-element-442ad82 elementor-section-boxed elementor-section-height-default elementor-section-height-default\" data-id=\"442ad82\" data-element_type=\"section\" data-e-type=\"section\">\n\t\t\t\t\t\t<div class=\"elementor-container elementor-column-gap-default\">\n\t\t\t\t\t<div class=\"elementor-column elementor-col-100 elementor-top-column elementor-element elementor-element-edb5751\" data-id=\"edb5751\" data-element_type=\"column\" data-e-type=\"column\">\n\t\t\t<div class=\"elementor-widget-wrap elementor-element-populated\">\n\t\t\t\t\t\t<div class=\"elementor-element elementor-element-069a856 elementor-tabs-view-horizontal elementor-widget elementor-widget-tabs\" data-id=\"069a856\" data-element_type=\"widget\" data-e-type=\"widget\" data-widget_type=\"tabs.default\">\n\t\t\t\t<div class=\"elementor-widget-container\">\n\t\t\t\t\t\t\t<div class=\"elementor-tabs\">\n\t\t\t<div class=\"elementor-tabs-wrapper\" role=\"tablist\" >\n\t\t\t\t\t\t\t\t\t<div id=\"elementor-tab-title-6921\" class=\"elementor-tab-title elementor-tab-desktop-title\" aria-selected=\"true\" data-tab=\"1\" role=\"tab\" tabindex=\"0\" aria-controls=\"elementor-tab-content-6921\" aria-expanded=\"false\">Descri\u00e7\u00e3o<\/div>\n\t\t\t\t\t\t\t<\/div>\n\t\t\t<div class=\"elementor-tabs-content-wrapper\" role=\"tablist\" aria-orientation=\"vertical\">\n\t\t\t\t\t\t\t\t\t<div class=\"elementor-tab-title elementor-tab-mobile-title\" aria-selected=\"true\" data-tab=\"1\" role=\"tab\" tabindex=\"0\" aria-controls=\"elementor-tab-content-6921\" aria-expanded=\"false\">Descri\u00e7\u00e3o<\/div>\n\t\t\t\t\t<div id=\"elementor-tab-content-6921\" class=\"elementor-tab-content elementor-clearfix\" data-tab=\"1\" role=\"tabpanel\" aria-labelledby=\"elementor-tab-title-6921\" tabindex=\"0\" hidden=\"false\"><h2>Qual \u00e9 a vantagem da m\u00e1quina de puxar e colocar cabos el\u00e9tricos CT-2max?<\/h2><ul><li><b>+<\/b> Adota motor de n\u00facleo de cobre puro de alta qualidade<\/li><li><b>+<\/b> Quatro engrenagens de velocidade infinitamente vari\u00e1vel com partida e parada, pressione e puxe uma chave para alternar<\/li><li><b>+ <\/b>Todo o sistema \u00e9 equipado com um m\u00f3dulo de controle conjunto, que pode ser usado por mais de um controle conjunto<\/li><li><b>+<\/b> Roda de press\u00e3o de nylon com roda de borracha de alta qualidade cuidadosamente projetada, longa vida \u00fatil<\/li><li><b>+ <\/b>Painel + controle remoto + v\u00e1rios conjuntos de controle de junta V\u00e1rios modos, escolha flex\u00edvel<\/li><\/ul><h2>Par\u00e2metros<\/h2><p><b>Fonte de energia:<\/b>AC380V (padr\u00e3o)<\/p><p><b>Ajuste de velocidade:<\/b>4 n\u00edveis + regula\u00e7\u00e3o de velocidade cont\u00ednua<\/p><p><b>Poder:<\/b>3000 W (CA)<\/p><p><b>Velocidade de transporte:<\/b>4 \u2013 26 m\/min<\/p><p><b>Velocidade ideal:<\/b>16 \u2013 26m\/min (2\u00aa e 3\u00aa marchas)<\/p><p><b>For\u00e7a m\u00e1xima de tra\u00e7\u00e3o:<\/b>6000N<\/p><p><b>Di\u00e2metro do cabo:<\/b>1 \u2013 18 cm<\/p><p><b>Dimens\u00f5es:<\/b>90X53X67cm<\/p><p><b>Peso l\u00edquido:<\/b>126 kg<\/p><\/div>\n\t\t\t\t\t\t\t<\/div>\n\t\t<\/div>\n\t\t\t\t\t\t<\/div>\n\t\t\t\t<\/div>\n\t\t\t\t\t<\/div>\n\t\t<\/div>\n\t\t\t\t\t<\/div>\n\t\t<\/section>\n\t\t\t\t<section class=\"elementor-section elementor-top-section elementor-element elementor-element-644c846 elementor-section-boxed elementor-section-height-default elementor-section-height-default\" data-id=\"644c846\" data-element_type=\"section\" data-e-type=\"section\">\n\t\t\t\t\t\t<div class=\"elementor-container elementor-column-gap-default\">\n\t\t\t\t\t<div class=\"elementor-column elementor-col-100 elementor-top-column elementor-element elementor-element-1d3d2a4\" data-id=\"1d3d2a4\" data-element_type=\"column\" data-e-type=\"column\">\n\t\t\t<div class=\"elementor-widget-wrap\">\n\t\t\t\t\t\t\t<\/div>\n\t\t<\/div>\n\t\t\t\t\t<\/div>\n\t\t<\/section>\n\t\t\t\t<section class=\"elementor-section elementor-top-section elementor-element elementor-element-710e1be0 elementor-section-boxed elementor-section-height-default elementor-section-height-default\" data-id=\"710e1be0\" data-element_type=\"section\" data-e-type=\"section\">\n\t\t\t\t\t\t<div class=\"elementor-container elementor-column-gap-default\">\n\t\t\t\t\t<div class=\"elementor-column elementor-col-100 elementor-top-column elementor-element elementor-element-55d6d936\" data-id=\"55d6d936\" data-element_type=\"column\" data-e-type=\"column\">\n\t\t\t<div class=\"elementor-widget-wrap elementor-element-populated\">\n\t\t\t\t\t\t<div class=\"elementor-element elementor-element-7dfae3ed elementor-widget elementor-widget-heading\" data-id=\"7dfae3ed\" data-element_type=\"widget\" data-e-type=\"widget\" data-widget_type=\"heading.default\">\n\t\t\t\t<div class=\"elementor-widget-container\">\n\t\t\t\t\t<h2 class=\"elementor-heading-title elementor-size-default\">Produtos relacionados<\/h2>\t\t\t\t<\/div>\n\t\t\t\t<\/div>\n\t\t\t\t<section class=\"elementor-section elementor-inner-section elementor-element elementor-element-424f4a7c elementor-section-boxed elementor-section-height-default elementor-section-height-default\" data-id=\"424f4a7c\" data-element_type=\"section\" data-e-type=\"section\">\n\t\t\t\t\t\t<div class=\"elementor-container elementor-column-gap-default\">\n\t\t\t\t\t<div class=\"elementor-column elementor-col-33 elementor-inner-column elementor-element elementor-element-52c9b7cc\" data-id=\"52c9b7cc\" data-element_type=\"column\" data-e-type=\"column\">\n\t\t\t<div class=\"elementor-widget-wrap elementor-element-populated\">\n\t\t\t\t\t\t<div class=\"elementor-element elementor-element-26c4092f elementor-widget elementor-widget-image\" data-id=\"26c4092f\" data-element_type=\"widget\" data-e-type=\"widget\" data-widget_type=\"image.default\">\n\t\t\t\t<div class=\"elementor-widget-container\">\n\t\t\t\t\t\t\t\t\t\t\t\t<figure class=\"wp-caption\">\n\t\t\t\t\t\t\t\t\t\t\t<a href=\"https:\/\/cabletug.com\/pt\/produto\/cable-pulling-machine\/\">\n\t\t\t\t\t\t\t<img fetchpriority=\"high\" decoding=\"async\" width=\"600\" height=\"400\" src=\"https:\/\/cabletug.com\/wp-content\/uploads\/2025\/03\/75939ea03676ec100cb4cc80564a1eb.jpg\" class=\"attachment-large size-large wp-image-5039\" alt=\"cable pulling machine CT-600MAX\" srcset=\"https:\/\/cabletug.com\/wp-content\/uploads\/2025\/03\/75939ea03676ec100cb4cc80564a1eb.jpg 600w, https:\/\/cabletug.com\/wp-content\/uploads\/2025\/03\/75939ea03676ec100cb4cc80564a1eb-300x200.jpg 300w\" sizes=\"(max-width: 600px) 100vw, 600px\" \/>\t\t\t\t\t\t\t\t<\/a>\n\t\t\t\t\t\t\t\t\t\t\t<figcaption class=\"widget-image-caption wp-caption-text\">M\u00e1quina de puxar cabos CT-600MAX<\/figcaption>\n\t\t\t\t\t\t\t\t\t\t<\/figure>\n\t\t\t\t\t\t\t\t\t<\/div>\n\t\t\t\t<\/div>\n\t\t\t\t\t<\/div>\n\t\t<\/div>\n\t\t\t\t<div class=\"elementor-column elementor-col-33 elementor-inner-column elementor-element elementor-element-655290b3\" data-id=\"655290b3\" data-element_type=\"column\" data-e-type=\"column\">\n\t\t\t<div class=\"elementor-widget-wrap elementor-element-populated\">\n\t\t\t\t\t\t<div class=\"elementor-element elementor-element-12ac9ec4 elementor-widget elementor-widget-image\" data-id=\"12ac9ec4\" data-element_type=\"widget\" data-e-type=\"widget\" data-widget_type=\"image.default\">\n\t\t\t\t<div class=\"elementor-widget-container\">\n\t\t\t\t\t\t\t\t\t\t\t\t<figure class=\"wp-caption\">\n\t\t\t\t\t\t\t\t\t\t\t<a href=\"https:\/\/cabletug.com\/pt\/produto\/electric-cable-pulling-machine\/\">\n\t\t\t\t\t\t\t<img decoding=\"async\" width=\"800\" height=\"505\" src=\"https:\/\/cabletug.com\/wp-content\/uploads\/2025\/03\/92c519e9698079a124cad03a1f5ef3c-1-1024x646.png\" class=\"attachment-large size-large wp-image-5037\" alt=\"CT-900 Cable pullig machine\" srcset=\"https:\/\/cabletug.com\/wp-content\/uploads\/2025\/03\/92c519e9698079a124cad03a1f5ef3c-1-1024x646.png 1024w, https:\/\/cabletug.com\/wp-content\/uploads\/2025\/03\/92c519e9698079a124cad03a1f5ef3c-1-300x189.png 300w, https:\/\/cabletug.com\/wp-content\/uploads\/2025\/03\/92c519e9698079a124cad03a1f5ef3c-1-768x485.png 768w, https:\/\/cabletug.com\/wp-content\/uploads\/2025\/03\/92c519e9698079a124cad03a1f5ef3c-1-1536x969.png 1536w, https:\/\/cabletug.com\/wp-content\/uploads\/2025\/03\/92c519e9698079a124cad03a1f5ef3c-1-600x379.png 600w, https:\/\/cabletug.com\/wp-content\/uploads\/2025\/03\/92c519e9698079a124cad03a1f5ef3c-1.png 2000w\" sizes=\"(max-width: 800px) 100vw, 800px\" \/>\t\t\t\t\t\t\t\t<\/a>\n\t\t\t\t\t\t\t\t\t\t\t<figcaption class=\"widget-image-caption wp-caption-text\">Electric Cable Pulling Machine CT-900pro<\/figcaption>\n\t\t\t\t\t\t\t\t\t\t<\/figure>\n\t\t\t\t\t\t\t\t\t<\/div>\n\t\t\t\t<\/div>\n\t\t\t\t<div class=\"elementor-element elementor-element-4e4c4fc elementor-align-left elementor-mobile-align-center elementor-widget elementor-widget-global elementor-global-4452 elementor-widget-button\" data-id=\"4e4c4fc\" data-element_type=\"widget\" data-e-type=\"widget\" data-widget_type=\"button.default\">\n\t\t\t\t<div class=\"elementor-widget-container\">\n\t\t\t\t\t\t\t\t\t<div class=\"elementor-button-wrapper\">\n\t\t\t\t\t<a class=\"elementor-button elementor-button-link elementor-size-sm\" href=\"#elementor-action%3Aaction%3Dpopup%3Aopen%26settings%3DeyJpZCI6IjI5NSIsInRvZ2dsZSI6ZmFsc2V9\">\n\t\t\t\t\t\t<span class=\"elementor-button-content-wrapper\">\n\t\t\t\t\t\t\t\t\t<span class=\"elementor-button-text\">Contate-nos<\/span>\n\t\t\t\t\t<\/span>\n\t\t\t\t\t<\/a>\n\t\t\t\t<\/div>\n\t\t\t\t\t\t\t\t<\/div>\n\t\t\t\t<\/div>\n\t\t\t\t\t<\/div>\n\t\t<\/div>\n\t\t\t\t<div class=\"elementor-column elementor-col-33 elementor-inner-column elementor-element elementor-element-609c2cbb\" data-id=\"609c2cbb\" data-element_type=\"column\" data-e-type=\"column\">\n\t\t\t<div class=\"elementor-widget-wrap elementor-element-populated\">\n\t\t\t\t\t\t<div class=\"elementor-element elementor-element-3a5b5037 elementor-widget elementor-widget-image\" data-id=\"3a5b5037\" data-element_type=\"widget\" data-e-type=\"widget\" data-widget_type=\"image.default\">\n\t\t\t\t<div class=\"elementor-widget-container\">\n\t\t\t\t\t\t\t\t\t\t\t\t<figure class=\"wp-caption\">\n\t\t\t\t\t\t\t\t\t\t\t<a href=\"https:\/\/cabletug.com\/pt\/produto\/gasoline-cable-pulling-machine\/\">\n\t\t\t\t\t\t\t<img decoding=\"async\" width=\"600\" height=\"400\" src=\"https:\/\/cabletug.com\/wp-content\/uploads\/2025\/03\/\u725b3\u65e0logo1.jpg\" class=\"attachment-large size-large wp-image-5049\" alt=\"gasoline or diesel cable pulling machine CT-3\" srcset=\"https:\/\/cabletug.com\/wp-content\/uploads\/2025\/03\/\u725b3\u65e0logo1.jpg 600w, https:\/\/cabletug.com\/wp-content\/uploads\/2025\/03\/\u725b3\u65e0logo1-300x200.jpg 300w\" sizes=\"(max-width: 600px) 100vw, 600px\" \/>\t\t\t\t\t\t\t\t<\/a>\n\t\t\t\t\t\t\t\t\t\t\t<figcaption class=\"widget-image-caption wp-caption-text\">m\u00e1quina de puxar cabos CT-3<\/figcaption>\n\t\t\t\t\t\t\t\t\t\t<\/figure>\n\t\t\t\t\t\t\t\t\t<\/div>\n\t\t\t\t<\/div>\n\t\t\t\t\t<\/div>\n\t\t<\/div>\n\t\t\t\t\t<\/div>\n\t\t<\/section>\n\t\t\t\t\t<\/div>\n\t\t<\/div>\n\t\t\t\t\t<\/div>\n\t\t<\/section>\n\t\t\t\t<\/div>","protected":false},"excerpt":{"rendered":"<p>Description Description What is the advantage of CT-2max electrical cable pulling &amp; laying machine\uff1f + Adopts high quality pure copper core motor + Four gears of infinitely variable speed with start and stop, push and pull a key to switch + The whole system is equipped with a joint control module, which can be used [&hellip;]<\/p>","protected":false},"featured_media":5498,"comment_status":"open","ping_status":"closed","template":"","meta":{"_seopress_robots_primary_cat":"none","_seopress_titles_title":"Cable Pulling Winch","_seopress_titles_desc":"Meet ISO900 and CE-certified,contact us for the quote","_seopress_robots_index":""},"product_brand":[],"product_cat":[15],"product_tag":[],"class_list":{"0":"post-4944","1":"product","2":"type-product","3":"status-publish","4":"has-post-thumbnail","6":"product_cat-cable-laying-conveyor","8":"first","9":"instock","10":"shipping-taxable","11":"product-type-simple"},"_links":{"self":[{"href":"https:\/\/cabletug.com\/pt\/wp-json\/wp\/v2\/product\/4944","targetHints":{"allow":["GET"]}}],"collection":[{"href":"https:\/\/cabletug.com\/pt\/wp-json\/wp\/v2\/product"}],"about":[{"href":"https:\/\/cabletug.com\/pt\/wp-json\/wp\/v2\/types\/product"}],"replies":[{"embeddable":true,"href":"https:\/\/cabletug.com\/pt\/wp-json\/wp\/v2\/comments?post=4944"}],"version-history":[{"count":9,"href":"https:\/\/cabletug.com\/pt\/wp-json\/wp\/v2\/product\/4944\/revisions"}],"predecessor-version":[{"id":5508,"href":"https:\/\/cabletug.com\/pt\/wp-json\/wp\/v2\/product\/4944\/revisions\/5508"}],"wp:featuredmedia":[{"embeddable":true,"href":"https:\/\/cabletug.com\/pt\/wp-json\/wp\/v2\/media\/5498"}],"wp:attachment":[{"href":"https:\/\/cabletug.com\/pt\/wp-json\/wp\/v2\/media?parent=4944"}],"wp:term":[{"taxonomy":"product_brand","embeddable":true,"href":"https:\/\/cabletug.com\/pt\/wp-json\/wp\/v2\/product_brand?post=4944"},{"taxonomy":"product_cat","embeddable":true,"href":"https:\/\/cabletug.com\/pt\/wp-json\/wp\/v2\/product_cat?post=4944"},{"taxonomy":"product_tag","embeddable":true,"href":"https:\/\/cabletug.com\/pt\/wp-json\/wp\/v2\/product_tag?post=4944"}],"curies":[{"name":"wp","href":"https:\/\/api.w.org\/{rel}","templated":true}]}}