{"id":5023,"date":"2025-03-31T09:46:19","date_gmt":"2025-03-31T01:46:19","guid":{"rendered":"https:\/\/cabletug.com\/?post_type=product&#038;p=5023"},"modified":"2026-04-22T12:54:31","modified_gmt":"2026-04-22T04:54:31","slug":"movable-cable-pullinglaying-machine","status":"publish","type":"product","link":"https:\/\/cabletug.com\/pt\/produto\/movable-cable-pullinglaying-machine\/","title":{"rendered":"M\u00e1quina m\u00f3vel para puxar e colocar cabos"},"content":{"rendered":"<div data-elementor-type=\"product-post\" data-elementor-id=\"5023\" class=\"elementor elementor-5023\" data-elementor-post-type=\"product\">\n\t\t\t\t\t\t<section class=\"elementor-section elementor-top-section elementor-element elementor-element-02edc83 elementor-section-boxed elementor-section-height-default elementor-section-height-default\" data-id=\"02edc83\" data-element_type=\"section\" data-e-type=\"section\">\n\t\t\t\t\t\t<div class=\"elementor-container elementor-column-gap-default\">\n\t\t\t\t\t<div class=\"elementor-column elementor-col-100 elementor-top-column elementor-element elementor-element-3fa7acc\" data-id=\"3fa7acc\" data-element_type=\"column\" data-e-type=\"column\">\n\t\t\t<div class=\"elementor-widget-wrap elementor-element-populated\">\n\t\t\t\t\t\t<div class=\"elementor-element elementor-element-102dbd0 elementor-tabs-view-horizontal elementor-widget elementor-widget-tabs\" data-id=\"102dbd0\" data-element_type=\"widget\" data-e-type=\"widget\" data-widget_type=\"tabs.default\">\n\t\t\t\t<div class=\"elementor-widget-container\">\n\t\t\t\t\t\t\t<div class=\"elementor-tabs\">\n\t\t\t<div class=\"elementor-tabs-wrapper\" role=\"tablist\" >\n\t\t\t\t\t\t\t\t\t<div id=\"elementor-tab-title-1691\" class=\"elementor-tab-title elementor-tab-desktop-title\" aria-selected=\"true\" data-tab=\"1\" role=\"tab\" tabindex=\"0\" aria-controls=\"elementor-tab-content-1691\" aria-expanded=\"false\">Descri\u00e7\u00e3o<\/div>\n\t\t\t\t\t\t\t\t\t<div id=\"elementor-tab-title-1692\" class=\"elementor-tab-title elementor-tab-desktop-title\" aria-selected=\"false\" data-tab=\"2\" role=\"tab\" tabindex=\"-1\" aria-controls=\"elementor-tab-content-1692\" aria-expanded=\"false\">Par\u00e2metros<\/div>\n\t\t\t\t\t\t\t<\/div>\n\t\t\t<div class=\"elementor-tabs-content-wrapper\" role=\"tablist\" aria-orientation=\"vertical\">\n\t\t\t\t\t\t\t\t\t<div class=\"elementor-tab-title elementor-tab-mobile-title\" aria-selected=\"true\" data-tab=\"1\" role=\"tab\" tabindex=\"0\" aria-controls=\"elementor-tab-content-1691\" aria-expanded=\"false\">Descri\u00e7\u00e3o<\/div>\n\t\t\t\t\t<div id=\"elementor-tab-content-1691\" class=\"elementor-tab-content elementor-clearfix\" data-tab=\"1\" role=\"tabpanel\" aria-labelledby=\"elementor-tab-title-1691\" tabindex=\"0\" hidden=\"false\"><h2>Por que precisamos de uma m\u00e1quina de esticar cabos m\u00f3veis?<\/h2><p>O peso padr\u00e3o da m\u00e1quina de coloca\u00e7\u00e3o de cabos \u00e9 de cerca de 400 kg, como <a href=\"https:\/\/cabletug.com\/pt\/produto\/electric-cable-pulling-machine\/\">Modelo CT-900<\/a>, s\u00e3o necess\u00e1rias 4 a 5 pessoas para mov\u00ea-lo.<\/p><p>Portanto, nossa nova m\u00e1quina de puxar cabos m\u00f3veis pode se mover sozinha.<\/p><p>1. Pode economizar tempo e custos de m\u00e3o de obra.<\/p><p>2. Tamb\u00e9m pode fornecer energia quando n\u00e3o h\u00e1 conex\u00e3o el\u00e9trica no canteiro de obras<\/p><h2>Descri\u00e7\u00e3o da m\u00e1quina de puxar e colocar cabos CT-900T<\/h2><ul><li>Combina\u00e7\u00e3o de puxar cabo e viajar<\/li><li>F\u00e1cil de mover, adequado para condi\u00e7\u00f5es de trabalho complexas<\/li><li>M\u00e1quinas duplas e controle \u00fanico, f\u00e1ceis de alternar e mais pr\u00e1ticos.<\/li><li>Pot\u00eancia m\u00e1xima, subindo e puxando o cabo com mais pot\u00eancia<\/li><li>Tanto a tra\u00e7\u00e3o do cabo quanto a viagem podem realizar quatro mecanismos de controle para combinar<\/li><\/ul><h2>Foto do projeto<\/h2><p><img fetchpriority=\"high\" decoding=\"async\" class=\"alignnone size-medium wp-image-5118\" src=\"https:\/\/cabletug.com\/wp-content\/uploads\/2025\/03\/CT-900T-cable-pulling-machine-project-1-171x300.jpg\" alt=\"CT-900T cable pulling machine project (1)\" width=\"171\" height=\"300\" srcset=\"https:\/\/cabletug.com\/wp-content\/uploads\/2025\/03\/CT-900T-cable-pulling-machine-project-1-171x300.jpg 171w, https:\/\/cabletug.com\/wp-content\/uploads\/2025\/03\/CT-900T-cable-pulling-machine-project-1.jpg 538w\" sizes=\"(max-width: 171px) 100vw, 171px\" \/><\/p><h2>V\u00eddeo do projeto<\/h2><p><a href=\"https:\/\/www.youtube.com\/shorts\/9dN7CYTnpJU\">https:\/\/www.youtube.com\/shorts\/9dN7CYTnpJU<\/a><\/p><\/div>\n\t\t\t\t\t\t\t\t\t<div class=\"elementor-tab-title elementor-tab-mobile-title\" aria-selected=\"false\" data-tab=\"2\" role=\"tab\" tabindex=\"-1\" aria-controls=\"elementor-tab-content-1692\" aria-expanded=\"false\">Par\u00e2metros<\/div>\n\t\t\t\t\t<div id=\"elementor-tab-content-1692\" class=\"elementor-tab-content elementor-clearfix\" data-tab=\"2\" role=\"tabpanel\" aria-labelledby=\"elementor-tab-title-1692\" tabindex=\"0\" hidden=\"hidden\"><h2>Modelo: CT 900T, par\u00e2metros da m\u00e1quina de puxar cabos<\/h2><ul><li>Pot\u00eancia: Gerador<\/li><li>Velocidade do ve\u00edculo transportador\/de esteira<\/li><li>Ajuste: 4 velocidades + mudan\u00e7a de velocidade cont\u00ednua<\/li><li>Modo de controle: painel de controle + controle remoto<\/li><li>Velocidade de viagem: 0~46m\/min<\/li><li>Velocidade do transportador: 0~26m\/min<\/li><li>For\u00e7a de tra\u00e7\u00e3o do transportador: 6000NCable<\/li><li>di\u00e2metro: 2~24cm<\/li><li>Pot\u00eancia do gerador: 4kwCombust\u00edvel<\/li><li>volume do tanque: 5L<\/li><li>Dimens\u00e3o total: 126X80X100cm<\/li><li>Peso l\u00edquido: 430 kg<\/li><\/ul><\/div>\n\t\t\t\t\t\t\t<\/div>\n\t\t<\/div>\n\t\t\t\t\t\t<\/div>\n\t\t\t\t<\/div>\n\t\t\t\t\t<\/div>\n\t\t<\/div>\n\t\t\t\t\t<\/div>\n\t\t<\/section>\n\t\t\t\t<section class=\"elementor-section elementor-top-section elementor-element elementor-element-fb556ba elementor-section-boxed elementor-section-height-default elementor-section-height-default\" data-id=\"fb556ba\" data-element_type=\"section\" data-e-type=\"section\">\n\t\t\t\t\t\t<div class=\"elementor-container elementor-column-gap-default\">\n\t\t\t\t\t<div class=\"elementor-column elementor-col-100 elementor-top-column elementor-element elementor-element-8170acd\" data-id=\"8170acd\" data-element_type=\"column\" data-e-type=\"column\">\n\t\t\t<div class=\"elementor-widget-wrap elementor-element-populated\">\n\t\t\t\t\t\t<div class=\"elementor-element elementor-element-4c79676 elementor-widget elementor-widget-heading\" data-id=\"4c79676\" data-element_type=\"widget\" data-e-type=\"widget\" data-widget_type=\"heading.default\">\n\t\t\t\t<div class=\"elementor-widget-container\">\n\t\t\t\t\t<h2 class=\"elementor-heading-title elementor-size-default\">Vitrine de F\u00e1brica<\/h2>\t\t\t\t<\/div>\n\t\t\t\t<\/div>\n\t\t\t\t<div class=\"elementor-element elementor-element-11d6442 elementor-arrows-position-outside elementor-pagination-position-outside elementor-widget elementor-widget-global elementor-global-4507 elementor-widget-image-carousel\" data-id=\"11d6442\" data-element_type=\"widget\" data-e-type=\"widget\" data-settings=\"{&quot;image_spacing_custom&quot;:{&quot;unit&quot;:&quot;px&quot;,&quot;size&quot;:17,&quot;sizes&quot;:[]},&quot;navigation&quot;:&quot;both&quot;,&quot;autoplay&quot;:&quot;yes&quot;,&quot;pause_on_hover&quot;:&quot;yes&quot;,&quot;pause_on_interaction&quot;:&quot;yes&quot;,&quot;autoplay_speed&quot;:5000,&quot;infinite&quot;:&quot;yes&quot;,&quot;speed&quot;:500,&quot;image_spacing_custom_tablet&quot;:{&quot;unit&quot;:&quot;px&quot;,&quot;size&quot;:&quot;&quot;,&quot;sizes&quot;:[]},&quot;image_spacing_custom_mobile&quot;:{&quot;unit&quot;:&quot;px&quot;,&quot;size&quot;:&quot;&quot;,&quot;sizes&quot;:[]}}\" data-widget_type=\"image-carousel.default\">\n\t\t\t\t<div class=\"elementor-widget-container\">\n\t\t\t\t\t\t\t<div class=\"elementor-image-carousel-wrapper swiper\" role=\"region\" aria-roledescription=\"carousel\" aria-label=\"Image Carousel\" dir=\"ltr\">\n\t\t\t<div class=\"elementor-image-carousel swiper-wrapper swiper-image-stretch\" aria-live=\"off\">\n\t\t\t\t\t\t\t\t<div class=\"swiper-slide\" role=\"group\" aria-roledescription=\"slide\" aria-label=\"1 of 5\"><a data-elementor-open-lightbox=\"yes\" data-elementor-lightbox-slideshow=\"11d6442\" data-e-action-hash=\"#elementor-action%3Aaction%3Dlightbox%26settings%3DeyJpZCI6NTY4MywidXJsIjoiaHR0cHM6XC9cL2NhYmxldHVnLmNvbVwvd3AtY29udGVudFwvdXBsb2Fkc1wvMjAyNlwvMDRcL1x1NWZhZVx1NGZlMVx1NTZmZVx1NzI0N18yMDI1MDMyNjE0NDE0Mi5qcGciLCJzbGlkZXNob3ciOiIxMWQ2NDQyIn0%3D\" href=\"https:\/\/cabletug.com\/pt\/\"><figure class=\"swiper-slide-inner\"><img decoding=\"async\" class=\"swiper-slide-image\" src=\"https:\/\/cabletug.com\/wp-content\/uploads\/2026\/04\/\u5fae\u4fe1\u56fe\u7247_20250326144142.jpg\" alt=\"cable conveyor parts maching\" \/><\/figure><\/a><\/div><div class=\"swiper-slide\" role=\"group\" aria-roledescription=\"slide\" aria-label=\"2 of 5\"><a data-elementor-open-lightbox=\"yes\" data-elementor-lightbox-slideshow=\"11d6442\" data-e-action-hash=\"#elementor-action%3Aaction%3Dlightbox%26settings%3DeyJpZCI6NTY4NCwidXJsIjoiaHR0cHM6XC9cL2NhYmxldHVnLmNvbVwvd3AtY29udGVudFwvdXBsb2Fkc1wvMjAyNlwvMDRcL1x1NWZhZVx1NGZlMVx1NTZmZVx1NzI0N18yMDI1MDMyNjE0NDEzNDEuanBnIiwic2xpZGVzaG93IjoiMTFkNjQ0MiJ9\" href=\"https:\/\/cabletug.com\/pt\/\"><figure class=\"swiper-slide-inner\"><img decoding=\"async\" class=\"swiper-slide-image\" src=\"https:\/\/cabletug.com\/wp-content\/uploads\/2026\/04\/\u5fae\u4fe1\u56fe\u7247_202503261441341.jpg\" alt=\"cable conveyor parts welding\" \/><\/figure><\/a><\/div><div class=\"swiper-slide\" role=\"group\" aria-roledescription=\"slide\" aria-label=\"3 of 5\"><a data-elementor-open-lightbox=\"yes\" data-elementor-lightbox-slideshow=\"11d6442\" data-e-action-hash=\"#elementor-action%3Aaction%3Dlightbox%26settings%3DeyJpZCI6NTY4NSwidXJsIjoiaHR0cHM6XC9cL2NhYmxldHVnLmNvbVwvd3AtY29udGVudFwvdXBsb2Fkc1wvMjAyNlwvMDRcL1x1NWZhZVx1NGZlMVx1NTZmZVx1NzI0N18yMDI1MDMyNjE0NDEzNTEuanBnIiwic2xpZGVzaG93IjoiMTFkNjQ0MiJ9\" href=\"https:\/\/cabletug.com\/pt\/\"><figure class=\"swiper-slide-inner\"><img decoding=\"async\" class=\"swiper-slide-image\" src=\"https:\/\/cabletug.com\/wp-content\/uploads\/2026\/04\/\u5fae\u4fe1\u56fe\u7247_202503261441351.jpg\" alt=\"cable conveyor production team\" \/><\/figure><\/a><\/div><div class=\"swiper-slide\" role=\"group\" aria-roledescription=\"slide\" aria-label=\"4 of 5\"><a data-elementor-open-lightbox=\"yes\" data-elementor-lightbox-slideshow=\"11d6442\" data-e-action-hash=\"#elementor-action%3Aaction%3Dlightbox%26settings%3DeyJpZCI6NTY4NiwidXJsIjoiaHR0cHM6XC9cL2NhYmxldHVnLmNvbVwvd3AtY29udGVudFwvdXBsb2Fkc1wvMjAyNlwvMDRcL1x1NWZhZVx1NGZlMVx1NTZmZVx1NzI0N18yMDI1MDMyNjE0NDE0MTEuanBnIiwic2xpZGVzaG93IjoiMTFkNjQ0MiJ9\" href=\"https:\/\/cabletug.com\/pt\/\"><figure class=\"swiper-slide-inner\"><img decoding=\"async\" class=\"swiper-slide-image\" src=\"https:\/\/cabletug.com\/wp-content\/uploads\/2026\/04\/\u5fae\u4fe1\u56fe\u7247_202503261441411.jpg\" alt=\"cable conveyor design team1\" \/><\/figure><\/a><\/div><div class=\"swiper-slide\" role=\"group\" aria-roledescription=\"slide\" aria-label=\"5 of 5\"><a data-elementor-open-lightbox=\"yes\" data-elementor-lightbox-slideshow=\"11d6442\" data-e-action-hash=\"#elementor-action%3Aaction%3Dlightbox%26settings%3DeyJpZCI6NTY4NywidXJsIjoiaHR0cHM6XC9cL2NhYmxldHVnLmNvbVwvd3AtY29udGVudFwvdXBsb2Fkc1wvMjAyNlwvMDRcL1x1NWZhZVx1NGZlMVx1NTZmZVx1NzI0N18yMDI1MDMyNjE0NDE0MTIuanBnIiwic2xpZGVzaG93IjoiMTFkNjQ0MiJ9\" href=\"https:\/\/cabletug.com\/pt\/\"><figure class=\"swiper-slide-inner\"><img decoding=\"async\" class=\"swiper-slide-image\" src=\"https:\/\/cabletug.com\/wp-content\/uploads\/2026\/04\/\u5fae\u4fe1\u56fe\u7247_202503261441412.jpg\" alt=\"cable conveyor design team\" \/><\/figure><\/a><\/div>\t\t\t<\/div>\n\t\t\t\t\t\t\t\t\t\t\t\t<div class=\"elementor-swiper-button elementor-swiper-button-prev\" role=\"button\" tabindex=\"0\">\n\t\t\t\t\t\t<i aria-hidden=\"true\" class=\"eicon-chevron-left\"><\/i>\t\t\t\t\t<\/div>\n\t\t\t\t\t<div class=\"elementor-swiper-button elementor-swiper-button-next\" role=\"button\" tabindex=\"0\">\n\t\t\t\t\t\t<i aria-hidden=\"true\" class=\"eicon-chevron-right\"><\/i>\t\t\t\t\t<\/div>\n\t\t\t\t\n\t\t\t\t\t\t\t\t\t<div class=\"swiper-pagination\"><\/div>\n\t\t\t\t\t\t\t\t\t<\/div>\n\t\t\t\t\t\t<\/div>\n\t\t\t\t<\/div>\n\t\t\t\t\t<\/div>\n\t\t<\/div>\n\t\t\t\t\t<\/div>\n\t\t<\/section>\n\t\t\t\t<section class=\"elementor-section elementor-top-section elementor-element elementor-element-c2a5e3e elementor-section-boxed elementor-section-height-default elementor-section-height-default\" data-id=\"c2a5e3e\" data-element_type=\"section\" data-e-type=\"section\">\n\t\t\t\t\t\t<div class=\"elementor-container elementor-column-gap-default\">\n\t\t\t\t\t<div class=\"elementor-column elementor-col-100 elementor-top-column elementor-element elementor-element-7318273\" data-id=\"7318273\" data-element_type=\"column\" data-e-type=\"column\">\n\t\t\t<div class=\"elementor-widget-wrap elementor-element-populated\">\n\t\t\t\t\t\t<div class=\"elementor-element elementor-element-abbada0 elementor-widget elementor-widget-heading\" data-id=\"abbada0\" data-element_type=\"widget\" data-e-type=\"widget\" data-widget_type=\"heading.default\">\n\t\t\t\t<div class=\"elementor-widget-container\">\n\t\t\t\t\t<h2 class=\"elementor-heading-title elementor-size-default\">Produtos relacionados<\/h2>\t\t\t\t<\/div>\n\t\t\t\t<\/div>\n\t\t\t\t<section class=\"elementor-section elementor-inner-section elementor-element elementor-element-55f14a4 elementor-section-boxed elementor-section-height-default elementor-section-height-default\" data-id=\"55f14a4\" data-element_type=\"section\" data-e-type=\"section\">\n\t\t\t\t\t\t<div class=\"elementor-container elementor-column-gap-default\">\n\t\t\t\t\t<div class=\"elementor-column elementor-col-33 elementor-inner-column elementor-element elementor-element-746279f\" data-id=\"746279f\" data-element_type=\"column\" data-e-type=\"column\">\n\t\t\t<div class=\"elementor-widget-wrap elementor-element-populated\">\n\t\t\t\t\t\t<div class=\"elementor-element elementor-element-adc2dbb elementor-widget elementor-widget-image\" data-id=\"adc2dbb\" data-element_type=\"widget\" data-e-type=\"widget\" data-widget_type=\"image.default\">\n\t\t\t\t<div class=\"elementor-widget-container\">\n\t\t\t\t\t\t\t\t\t\t\t\t<figure class=\"wp-caption\">\n\t\t\t\t\t\t\t\t\t\t\t<a href=\"https:\/\/cabletug.com\/pt\/produto\/cable-pulling-winch\/\">\n\t\t\t\t\t\t\t<img decoding=\"async\" width=\"600\" height=\"400\" src=\"https:\/\/cabletug.com\/wp-content\/uploads\/2025\/03\/\u725b2\u6d2a\u8352\u65e0logo.jpg\" class=\"attachment-large size-large wp-image-5057\" alt=\"cable pulling machine CT-2MAX\" srcset=\"https:\/\/cabletug.com\/wp-content\/uploads\/2025\/03\/\u725b2\u6d2a\u8352\u65e0logo.jpg 600w, https:\/\/cabletug.com\/wp-content\/uploads\/2025\/03\/\u725b2\u6d2a\u8352\u65e0logo-300x200.jpg 300w\" sizes=\"(max-width: 600px) 100vw, 600px\" \/>\t\t\t\t\t\t\t\t<\/a>\n\t\t\t\t\t\t\t\t\t\t\t<figcaption class=\"widget-image-caption wp-caption-text\">M\u00e1quina de puxar cabos 6000N CT-2MAX<\/figcaption>\n\t\t\t\t\t\t\t\t\t\t<\/figure>\n\t\t\t\t\t\t\t\t\t<\/div>\n\t\t\t\t<\/div>\n\t\t\t\t\t<\/div>\n\t\t<\/div>\n\t\t\t\t<div class=\"elementor-column elementor-col-33 elementor-inner-column elementor-element elementor-element-314fc9f\" data-id=\"314fc9f\" data-element_type=\"column\" data-e-type=\"column\">\n\t\t\t<div class=\"elementor-widget-wrap elementor-element-populated\">\n\t\t\t\t\t\t<div class=\"elementor-element elementor-element-a975d72 elementor-widget elementor-widget-image\" data-id=\"a975d72\" data-element_type=\"widget\" data-e-type=\"widget\" data-widget_type=\"image.default\">\n\t\t\t\t<div class=\"elementor-widget-container\">\n\t\t\t\t\t\t\t\t\t\t\t\t<figure class=\"wp-caption\">\n\t\t\t\t\t\t\t\t\t\t\t<a href=\"https:\/\/cabletug.com\/pt\/produto\/electric-cable-pulling-machine\/\">\n\t\t\t\t\t\t\t<img decoding=\"async\" width=\"800\" height=\"505\" src=\"https:\/\/cabletug.com\/wp-content\/uploads\/2025\/03\/92c519e9698079a124cad03a1f5ef3c-1-1024x646.png\" class=\"attachment-large size-large wp-image-5037\" alt=\"CT-900 Cable pullig machine\" srcset=\"https:\/\/cabletug.com\/wp-content\/uploads\/2025\/03\/92c519e9698079a124cad03a1f5ef3c-1-1024x646.png 1024w, https:\/\/cabletug.com\/wp-content\/uploads\/2025\/03\/92c519e9698079a124cad03a1f5ef3c-1-300x189.png 300w, https:\/\/cabletug.com\/wp-content\/uploads\/2025\/03\/92c519e9698079a124cad03a1f5ef3c-1-768x485.png 768w, https:\/\/cabletug.com\/wp-content\/uploads\/2025\/03\/92c519e9698079a124cad03a1f5ef3c-1-1536x969.png 1536w, https:\/\/cabletug.com\/wp-content\/uploads\/2025\/03\/92c519e9698079a124cad03a1f5ef3c-1-600x379.png 600w, https:\/\/cabletug.com\/wp-content\/uploads\/2025\/03\/92c519e9698079a124cad03a1f5ef3c-1.png 2000w\" sizes=\"(max-width: 800px) 100vw, 800px\" \/>\t\t\t\t\t\t\t\t<\/a>\n\t\t\t\t\t\t\t\t\t\t\t<figcaption class=\"widget-image-caption wp-caption-text\">M\u00e1quina de puxar cabos el\u00e9tricos<\/figcaption>\n\t\t\t\t\t\t\t\t\t\t<\/figure>\n\t\t\t\t\t\t\t\t\t<\/div>\n\t\t\t\t<\/div>\n\t\t\t\t\t<\/div>\n\t\t<\/div>\n\t\t\t\t<div class=\"elementor-column elementor-col-33 elementor-inner-column elementor-element elementor-element-907dc47\" data-id=\"907dc47\" data-element_type=\"column\" data-e-type=\"column\">\n\t\t\t<div class=\"elementor-widget-wrap elementor-element-populated\">\n\t\t\t\t\t\t<div class=\"elementor-element elementor-element-c763c6a elementor-widget elementor-widget-image\" data-id=\"c763c6a\" data-element_type=\"widget\" data-e-type=\"widget\" data-widget_type=\"image.default\">\n\t\t\t\t<div class=\"elementor-widget-container\">\n\t\t\t\t\t\t\t\t\t\t\t\t<figure class=\"wp-caption\">\n\t\t\t\t\t\t\t\t\t\t\t<a href=\"https:\/\/cabletug.com\/pt\/produto\/cable-traction-machine\/\">\n\t\t\t\t\t\t\t<img loading=\"lazy\" decoding=\"async\" width=\"600\" height=\"400\" src=\"https:\/\/cabletug.com\/wp-content\/uploads\/2025\/03\/\u725b5\u65e0logo.jpg\" class=\"attachment-large size-large wp-image-5055\" alt=\"cable pulling machine CT-5\" srcset=\"https:\/\/cabletug.com\/wp-content\/uploads\/2025\/03\/\u725b5\u65e0logo.jpg 600w, https:\/\/cabletug.com\/wp-content\/uploads\/2025\/03\/\u725b5\u65e0logo-300x200.jpg 300w\" sizes=\"(max-width: 600px) 100vw, 600px\" \/>\t\t\t\t\t\t\t\t<\/a>\n\t\t\t\t\t\t\t\t\t\t\t<figcaption class=\"widget-image-caption wp-caption-text\">M\u00e1quina de puxar cabos de gerador a diesel CT-5<\/figcaption>\n\t\t\t\t\t\t\t\t\t\t<\/figure>\n\t\t\t\t\t\t\t\t\t<\/div>\n\t\t\t\t<\/div>\n\t\t\t\t\t<\/div>\n\t\t<\/div>\n\t\t\t\t\t<\/div>\n\t\t<\/section>\n\t\t\t\t<div class=\"elementor-element elementor-element-8d7f511 elementor-align-left elementor-mobile-align-center elementor-widget elementor-widget-global elementor-global-4452 elementor-widget-button\" data-id=\"8d7f511\" data-element_type=\"widget\" data-e-type=\"widget\" data-widget_type=\"button.default\">\n\t\t\t\t<div class=\"elementor-widget-container\">\n\t\t\t\t\t\t\t\t\t<div class=\"elementor-button-wrapper\">\n\t\t\t\t\t<a class=\"elementor-button elementor-button-link elementor-size-sm\" href=\"#elementor-action%3Aaction%3Dpopup%3Aopen%26settings%3DeyJpZCI6IjI5NSIsInRvZ2dsZSI6ZmFsc2V9\">\n\t\t\t\t\t\t<span class=\"elementor-button-content-wrapper\">\n\t\t\t\t\t\t\t\t\t<span class=\"elementor-button-text\">Contate-nos<\/span>\n\t\t\t\t\t<\/span>\n\t\t\t\t\t<\/a>\n\t\t\t\t<\/div>\n\t\t\t\t\t\t\t\t<\/div>\n\t\t\t\t<\/div>\n\t\t\t\t\t<\/div>\n\t\t<\/div>\n\t\t\t\t\t<\/div>\n\t\t<\/section>\n\t\t\t\t<\/div>","protected":false},"excerpt":{"rendered":"<p>Description Parameters Description Why we need Movable Cable Stretching Machine? The standard cable laying machine weight is about400kg, such as CT-900 model,it need 4-5 persons to move it. So our new design movable cable pulling machine,it can move by himselves. 1. It can save labor cost and time. 2.It also can provide power when there [&hellip;]<\/p>","protected":false},"featured_media":5697,"comment_status":"open","ping_status":"closed","template":"","meta":{"_seopress_robots_primary_cat":"none","_seopress_titles_title":"Movable Cable Pulling&Laying Machine","_seopress_titles_desc":"Mulit function and it can save labor cost\uff0cmovable and pulling cable at the same time","_seopress_robots_index":""},"product_brand":[],"product_cat":[15],"product_tag":[],"class_list":{"0":"post-5023","1":"product","2":"type-product","3":"status-publish","4":"has-post-thumbnail","6":"product_cat-cable-laying-conveyor","8":"first","9":"instock","10":"shipping-taxable","11":"product-type-simple"},"_links":{"self":[{"href":"https:\/\/cabletug.com\/pt\/wp-json\/wp\/v2\/product\/5023","targetHints":{"allow":["GET"]}}],"collection":[{"href":"https:\/\/cabletug.com\/pt\/wp-json\/wp\/v2\/product"}],"about":[{"href":"https:\/\/cabletug.com\/pt\/wp-json\/wp\/v2\/types\/product"}],"replies":[{"embeddable":true,"href":"https:\/\/cabletug.com\/pt\/wp-json\/wp\/v2\/comments?post=5023"}],"version-history":[{"count":23,"href":"https:\/\/cabletug.com\/pt\/wp-json\/wp\/v2\/product\/5023\/revisions"}],"predecessor-version":[{"id":5731,"href":"https:\/\/cabletug.com\/pt\/wp-json\/wp\/v2\/product\/5023\/revisions\/5731"}],"wp:featuredmedia":[{"embeddable":true,"href":"https:\/\/cabletug.com\/pt\/wp-json\/wp\/v2\/media\/5697"}],"wp:attachment":[{"href":"https:\/\/cabletug.com\/pt\/wp-json\/wp\/v2\/media?parent=5023"}],"wp:term":[{"taxonomy":"product_brand","embeddable":true,"href":"https:\/\/cabletug.com\/pt\/wp-json\/wp\/v2\/product_brand?post=5023"},{"taxonomy":"product_cat","embeddable":true,"href":"https:\/\/cabletug.com\/pt\/wp-json\/wp\/v2\/product_cat?post=5023"},{"taxonomy":"product_tag","embeddable":true,"href":"https:\/\/cabletug.com\/pt\/wp-json\/wp\/v2\/product_tag?post=5023"}],"curies":[{"name":"wp","href":"https:\/\/api.w.org\/{rel}","templated":true}]}}