{"id":5204,"date":"2025-04-22T10:51:41","date_gmt":"2025-04-22T02:51:41","guid":{"rendered":"https:\/\/cabletug.com\/?post_type=product&#038;p=5204"},"modified":"2025-07-22T12:39:14","modified_gmt":"2025-07-22T04:39:14","slug":"electrical-cable-winch","status":"publish","type":"product","link":"https:\/\/cabletug.com\/pt\/produto\/electrical-cable-winch\/","title":{"rendered":"Electrical Cable Winch\/puller"},"content":{"rendered":"<div data-elementor-type=\"product-post\" data-elementor-id=\"5204\" class=\"elementor elementor-5204\" data-elementor-post-type=\"product\">\n\t\t\t\t\t\t<section class=\"elementor-section elementor-top-section elementor-element elementor-element-688207f6 elementor-section-boxed elementor-section-height-default elementor-section-height-default\" data-id=\"688207f6\" data-element_type=\"section\" data-e-type=\"section\">\n\t\t\t\t\t\t<div class=\"elementor-container elementor-column-gap-default\">\n\t\t\t\t\t<div class=\"elementor-column elementor-col-100 elementor-top-column elementor-element elementor-element-77bd4a0\" data-id=\"77bd4a0\" data-element_type=\"column\" data-e-type=\"column\">\n\t\t\t<div class=\"elementor-widget-wrap elementor-element-populated\">\n\t\t\t\t\t\t<div class=\"elementor-element elementor-element-49c4dc73 elementor-widget elementor-widget-text-editor\" data-id=\"49c4dc73\" data-element_type=\"widget\" data-e-type=\"widget\" data-widget_type=\"text-editor.default\">\n\t\t\t\t<div class=\"elementor-widget-container\">\n\t\t\t\t\t\t\t\t\t<h2>Existem dois modelos de venda quente, CF-4 com for\u00e7a de tra\u00e7\u00e3o m\u00e1xima de 40 kn, CF-6 com for\u00e7a de tra\u00e7\u00e3o m\u00e1xima de 60 kn<\/h2>\n<h2>Par\u00e2metros:<\/h2>\n<b>Modelo:<\/b>CF-4\n\n<b>Ajuste:<\/b>mudan\u00e7a de velocidade cont\u00ednua\n\n<b>Modo de controle:<\/b>painel de controle + controle remoto\n\n<b>Velocidade:<\/b>0~20 m\/min\n\n<b>For\u00e7a m\u00e1xima de tra\u00e7\u00e3o:<\/b>40KN\n\n<b>poder:<\/b>5,5 kW\n\n<b>Fonte de energia<\/b>\uff1a380v 50hz 3P\n\n<b>Dimens\u00e3o geral:<\/b>115X30X40cm\n\n<b>Peso l\u00edquido:<\/b>170 kg\n\n&nbsp;\n\n<b>Modelo:<\/b>CF-6\n\n<b>Ajuste:<\/b>mudan\u00e7a de velocidade cont\u00ednua\n\n<b>Modo de controle:<\/b>painel de controle + controle remoto\n\n<b>Velocidade:<\/b>0~20 m\/min\n\n<b>For\u00e7a m\u00e1xima de tra\u00e7\u00e3o:<\/b>60 KN\n\n<b>poder:<\/b>7,5 kW\n\n<b>Fonte de energia<\/b>\uff1a380v 50hz 3P\n\n<b>Dimens\u00e3o geral:<\/b>110X68X50cm\n\n<b>Peso l\u00edquido:<\/b>380 kg\n\n&nbsp;\n<h2>Vantagem:<\/h2>\n<ul>\n \t<li>Motor de n\u00facleo de cobre de alta qualidade com alta for\u00e7a de tra\u00e7\u00e3o, velocidade r\u00e1pida e opera\u00e7\u00e3o suave<\/li>\n \t<li>Controle de caixa el\u00e9trica dividida F\u00e1cil de mover e operar<\/li>\n \t<li>Prote\u00e7\u00e3o de freio em caso de falha de energia para evitar acidentes repentinos<\/li>\n \t<li>Rolo espessado, antipress\u00e3o e resistente ao desgaste, sem deforma\u00e7\u00e3o.<\/li>\n \t<li>O eixo de transmiss\u00e3o \u00e9 resistente a impactos e vibra\u00e7\u00f5es, alta efici\u00eancia de transmiss\u00e3o, n\u00e3o escorrega facilmente devido ao calor<\/li>\n \t<li>Caixa de engrenagens e conjunto de engrenagens de alta resist\u00eancia Opera\u00e7\u00e3o suave sem atrasos<\/li>\n<\/ul>\t\t\t\t\t\t\t\t<\/div>\n\t\t\t\t<\/div>\n\t\t\t\t\t<\/div>\n\t\t<\/div>\n\t\t\t\t\t<\/div>\n\t\t<\/section>\n\t\t\t\t<section class=\"elementor-section elementor-top-section elementor-element elementor-element-f235a05 elementor-section-boxed elementor-section-height-default elementor-section-height-default\" data-id=\"f235a05\" data-element_type=\"section\" data-e-type=\"section\">\n\t\t\t\t\t\t<div class=\"elementor-container elementor-column-gap-default\">\n\t\t\t\t\t<div class=\"elementor-column elementor-col-100 elementor-top-column elementor-element elementor-element-89db5d4\" data-id=\"89db5d4\" data-element_type=\"column\" data-e-type=\"column\">\n\t\t\t<div class=\"elementor-widget-wrap elementor-element-populated\">\n\t\t\t\t\t\t<div class=\"elementor-element elementor-element-b7ca22e elementor-arrows-position-outside elementor-pagination-position-outside elementor-widget elementor-widget-global elementor-global-4507 elementor-widget-image-carousel\" data-id=\"b7ca22e\" data-element_type=\"widget\" data-e-type=\"widget\" data-settings=\"{&quot;image_spacing_custom&quot;:{&quot;unit&quot;:&quot;px&quot;,&quot;size&quot;:17,&quot;sizes&quot;:[]},&quot;navigation&quot;:&quot;both&quot;,&quot;autoplay&quot;:&quot;yes&quot;,&quot;pause_on_hover&quot;:&quot;yes&quot;,&quot;pause_on_interaction&quot;:&quot;yes&quot;,&quot;autoplay_speed&quot;:5000,&quot;infinite&quot;:&quot;yes&quot;,&quot;speed&quot;:500,&quot;image_spacing_custom_tablet&quot;:{&quot;unit&quot;:&quot;px&quot;,&quot;size&quot;:&quot;&quot;,&quot;sizes&quot;:[]},&quot;image_spacing_custom_mobile&quot;:{&quot;unit&quot;:&quot;px&quot;,&quot;size&quot;:&quot;&quot;,&quot;sizes&quot;:[]}}\" data-widget_type=\"image-carousel.default\">\n\t\t\t\t<div class=\"elementor-widget-container\">\n\t\t\t\t\t\t\t<div class=\"elementor-image-carousel-wrapper swiper\" role=\"region\" aria-roledescription=\"carousel\" aria-label=\"Image Carousel\" dir=\"ltr\">\n\t\t\t<div class=\"elementor-image-carousel swiper-wrapper swiper-image-stretch\" aria-live=\"off\">\n\t\t\t\t\t\t\t\t<div class=\"swiper-slide\" role=\"group\" aria-roledescription=\"slide\" aria-label=\"1 of 5\"><a data-elementor-open-lightbox=\"yes\" data-elementor-lightbox-slideshow=\"b7ca22e\" data-e-action-hash=\"#elementor-action%3Aaction%3Dlightbox%26settings%3DeyJpZCI6NTY4MywidXJsIjoiaHR0cHM6XC9cL2NhYmxldHVnLmNvbVwvd3AtY29udGVudFwvdXBsb2Fkc1wvMjAyNlwvMDRcL1x1NWZhZVx1NGZlMVx1NTZmZVx1NzI0N18yMDI1MDMyNjE0NDE0Mi5qcGciLCJzbGlkZXNob3ciOiJiN2NhMjJlIn0%3D\" href=\"https:\/\/cabletug.com\/pt\/\"><figure class=\"swiper-slide-inner\"><img decoding=\"async\" class=\"swiper-slide-image\" src=\"https:\/\/cabletug.com\/wp-content\/uploads\/2026\/04\/\u5fae\u4fe1\u56fe\u7247_20250326144142.jpg\" alt=\"cable conveyor parts maching\" \/><\/figure><\/a><\/div><div class=\"swiper-slide\" role=\"group\" aria-roledescription=\"slide\" aria-label=\"2 of 5\"><a data-elementor-open-lightbox=\"yes\" data-elementor-lightbox-slideshow=\"b7ca22e\" data-e-action-hash=\"#elementor-action%3Aaction%3Dlightbox%26settings%3DeyJpZCI6NTY4NCwidXJsIjoiaHR0cHM6XC9cL2NhYmxldHVnLmNvbVwvd3AtY29udGVudFwvdXBsb2Fkc1wvMjAyNlwvMDRcL1x1NWZhZVx1NGZlMVx1NTZmZVx1NzI0N18yMDI1MDMyNjE0NDEzNDEuanBnIiwic2xpZGVzaG93IjoiYjdjYTIyZSJ9\" href=\"https:\/\/cabletug.com\/pt\/\"><figure class=\"swiper-slide-inner\"><img decoding=\"async\" class=\"swiper-slide-image\" src=\"https:\/\/cabletug.com\/wp-content\/uploads\/2026\/04\/\u5fae\u4fe1\u56fe\u7247_202503261441341.jpg\" alt=\"cable conveyor parts welding\" \/><\/figure><\/a><\/div><div class=\"swiper-slide\" role=\"group\" aria-roledescription=\"slide\" aria-label=\"3 of 5\"><a data-elementor-open-lightbox=\"yes\" data-elementor-lightbox-slideshow=\"b7ca22e\" data-e-action-hash=\"#elementor-action%3Aaction%3Dlightbox%26settings%3DeyJpZCI6NTY4NSwidXJsIjoiaHR0cHM6XC9cL2NhYmxldHVnLmNvbVwvd3AtY29udGVudFwvdXBsb2Fkc1wvMjAyNlwvMDRcL1x1NWZhZVx1NGZlMVx1NTZmZVx1NzI0N18yMDI1MDMyNjE0NDEzNTEuanBnIiwic2xpZGVzaG93IjoiYjdjYTIyZSJ9\" href=\"https:\/\/cabletug.com\/pt\/\"><figure class=\"swiper-slide-inner\"><img decoding=\"async\" class=\"swiper-slide-image\" src=\"https:\/\/cabletug.com\/wp-content\/uploads\/2026\/04\/\u5fae\u4fe1\u56fe\u7247_202503261441351.jpg\" alt=\"cable conveyor production team\" \/><\/figure><\/a><\/div><div class=\"swiper-slide\" role=\"group\" aria-roledescription=\"slide\" aria-label=\"4 of 5\"><a data-elementor-open-lightbox=\"yes\" data-elementor-lightbox-slideshow=\"b7ca22e\" data-e-action-hash=\"#elementor-action%3Aaction%3Dlightbox%26settings%3DeyJpZCI6NTY4NiwidXJsIjoiaHR0cHM6XC9cL2NhYmxldHVnLmNvbVwvd3AtY29udGVudFwvdXBsb2Fkc1wvMjAyNlwvMDRcL1x1NWZhZVx1NGZlMVx1NTZmZVx1NzI0N18yMDI1MDMyNjE0NDE0MTEuanBnIiwic2xpZGVzaG93IjoiYjdjYTIyZSJ9\" href=\"https:\/\/cabletug.com\/pt\/\"><figure class=\"swiper-slide-inner\"><img decoding=\"async\" class=\"swiper-slide-image\" src=\"https:\/\/cabletug.com\/wp-content\/uploads\/2026\/04\/\u5fae\u4fe1\u56fe\u7247_202503261441411.jpg\" alt=\"cable conveyor design team1\" \/><\/figure><\/a><\/div><div class=\"swiper-slide\" role=\"group\" aria-roledescription=\"slide\" aria-label=\"5 of 5\"><a data-elementor-open-lightbox=\"yes\" data-elementor-lightbox-slideshow=\"b7ca22e\" data-e-action-hash=\"#elementor-action%3Aaction%3Dlightbox%26settings%3DeyJpZCI6NTY4NywidXJsIjoiaHR0cHM6XC9cL2NhYmxldHVnLmNvbVwvd3AtY29udGVudFwvdXBsb2Fkc1wvMjAyNlwvMDRcL1x1NWZhZVx1NGZlMVx1NTZmZVx1NzI0N18yMDI1MDMyNjE0NDE0MTIuanBnIiwic2xpZGVzaG93IjoiYjdjYTIyZSJ9\" href=\"https:\/\/cabletug.com\/pt\/\"><figure class=\"swiper-slide-inner\"><img decoding=\"async\" class=\"swiper-slide-image\" src=\"https:\/\/cabletug.com\/wp-content\/uploads\/2026\/04\/\u5fae\u4fe1\u56fe\u7247_202503261441412.jpg\" alt=\"cable conveyor design team\" \/><\/figure><\/a><\/div>\t\t\t<\/div>\n\t\t\t\t\t\t\t\t\t\t\t\t<div class=\"elementor-swiper-button elementor-swiper-button-prev\" role=\"button\" tabindex=\"0\">\n\t\t\t\t\t\t<i aria-hidden=\"true\" class=\"eicon-chevron-left\"><\/i>\t\t\t\t\t<\/div>\n\t\t\t\t\t<div class=\"elementor-swiper-button elementor-swiper-button-next\" role=\"button\" tabindex=\"0\">\n\t\t\t\t\t\t<i aria-hidden=\"true\" class=\"eicon-chevron-right\"><\/i>\t\t\t\t\t<\/div>\n\t\t\t\t\n\t\t\t\t\t\t\t\t\t<div class=\"swiper-pagination\"><\/div>\n\t\t\t\t\t\t\t\t\t<\/div>\n\t\t\t\t\t\t<\/div>\n\t\t\t\t<\/div>\n\t\t\t\t\t<\/div>\n\t\t<\/div>\n\t\t\t\t\t<\/div>\n\t\t<\/section>\n\t\t\t\t<section class=\"elementor-section elementor-top-section elementor-element elementor-element-21f66b3a elementor-section-boxed elementor-section-height-default elementor-section-height-default\" data-id=\"21f66b3a\" data-element_type=\"section\" data-e-type=\"section\">\n\t\t\t\t\t\t<div class=\"elementor-container elementor-column-gap-default\">\n\t\t\t\t\t<div class=\"elementor-column elementor-col-100 elementor-top-column elementor-element elementor-element-1ad92c72\" data-id=\"1ad92c72\" data-element_type=\"column\" data-e-type=\"column\">\n\t\t\t<div class=\"elementor-widget-wrap elementor-element-populated\">\n\t\t\t\t\t\t<div class=\"elementor-element elementor-element-2012aff6 elementor-widget elementor-widget-heading\" data-id=\"2012aff6\" data-element_type=\"widget\" data-e-type=\"widget\" data-widget_type=\"heading.default\">\n\t\t\t\t<div class=\"elementor-widget-container\">\n\t\t\t\t\t<h2 class=\"elementor-heading-title elementor-size-default\">Produtos relacionados<\/h2>\t\t\t\t<\/div>\n\t\t\t\t<\/div>\n\t\t\t\t<section class=\"elementor-section elementor-inner-section elementor-element elementor-element-1d87579b elementor-section-boxed elementor-section-height-default elementor-section-height-default\" data-id=\"1d87579b\" data-element_type=\"section\" data-e-type=\"section\">\n\t\t\t\t\t\t<div class=\"elementor-container elementor-column-gap-default\">\n\t\t\t\t\t<div class=\"elementor-column elementor-col-33 elementor-inner-column elementor-element elementor-element-186089c5\" data-id=\"186089c5\" data-element_type=\"column\" data-e-type=\"column\">\n\t\t\t<div class=\"elementor-widget-wrap elementor-element-populated\">\n\t\t\t\t\t\t<div class=\"elementor-element elementor-element-1e02fd3a elementor-widget elementor-widget-image\" data-id=\"1e02fd3a\" data-element_type=\"widget\" data-e-type=\"widget\" data-widget_type=\"image.default\">\n\t\t\t\t<div class=\"elementor-widget-container\">\n\t\t\t\t\t\t\t\t\t\t\t\t<figure class=\"wp-caption\">\n\t\t\t\t\t\t\t\t\t\t\t<a href=\"https:\/\/cabletug.com\/pt\/produto\/cable-pulling-machine\/\">\n\t\t\t\t\t\t\t<img fetchpriority=\"high\" decoding=\"async\" width=\"600\" height=\"400\" src=\"https:\/\/cabletug.com\/wp-content\/uploads\/2025\/03\/75939ea03676ec100cb4cc80564a1eb.jpg\" class=\"attachment-large size-large wp-image-5039\" alt=\"cable pulling machine CT-600MAX\" srcset=\"https:\/\/cabletug.com\/wp-content\/uploads\/2025\/03\/75939ea03676ec100cb4cc80564a1eb.jpg 600w, https:\/\/cabletug.com\/wp-content\/uploads\/2025\/03\/75939ea03676ec100cb4cc80564a1eb-300x200.jpg 300w\" sizes=\"(max-width: 600px) 100vw, 600px\" \/>\t\t\t\t\t\t\t\t<\/a>\n\t\t\t\t\t\t\t\t\t\t\t<figcaption class=\"widget-image-caption wp-caption-text\">M\u00e1quina de puxar cabos CT-600MAX<\/figcaption>\n\t\t\t\t\t\t\t\t\t\t<\/figure>\n\t\t\t\t\t\t\t\t\t<\/div>\n\t\t\t\t<\/div>\n\t\t\t\t\t<\/div>\n\t\t<\/div>\n\t\t\t\t<div class=\"elementor-column elementor-col-33 elementor-inner-column elementor-element elementor-element-66b7b82\" data-id=\"66b7b82\" data-element_type=\"column\" data-e-type=\"column\">\n\t\t\t<div class=\"elementor-widget-wrap elementor-element-populated\">\n\t\t\t\t\t\t<div class=\"elementor-element elementor-element-4f76ea0c elementor-widget elementor-widget-image\" data-id=\"4f76ea0c\" data-element_type=\"widget\" data-e-type=\"widget\" data-widget_type=\"image.default\">\n\t\t\t\t<div class=\"elementor-widget-container\">\n\t\t\t\t\t\t\t\t\t\t\t\t<figure class=\"wp-caption\">\n\t\t\t\t\t\t\t\t\t\t\t<a href=\"https:\/\/cabletug.com\/pt\/produto\/cable-conveyor-button-control-type\/\">\n\t\t\t\t\t\t\t<img decoding=\"async\" width=\"800\" height=\"600\" src=\"https:\/\/cabletug.com\/wp-content\/uploads\/2025\/07\/ct-8button-control-cable-conveyor.jpg\" class=\"attachment-large size-large wp-image-5419\" alt=\"ct-8button control electrical cable conveyor\" srcset=\"https:\/\/cabletug.com\/wp-content\/uploads\/2025\/07\/ct-8button-control-cable-conveyor.jpg 800w, https:\/\/cabletug.com\/wp-content\/uploads\/2025\/07\/ct-8button-control-cable-conveyor-300x225.jpg 300w, https:\/\/cabletug.com\/wp-content\/uploads\/2025\/07\/ct-8button-control-cable-conveyor-768x576.jpg 768w, https:\/\/cabletug.com\/wp-content\/uploads\/2025\/07\/ct-8button-control-cable-conveyor-16x12.jpg 16w, https:\/\/cabletug.com\/wp-content\/uploads\/2025\/07\/ct-8button-control-cable-conveyor-600x450.jpg 600w\" sizes=\"(max-width: 800px) 100vw, 800px\" \/>\t\t\t\t\t\t\t\t<\/a>\n\t\t\t\t\t\t\t\t\t\t\t<figcaption class=\"widget-image-caption wp-caption-text\">Button control cable conveyor<\/figcaption>\n\t\t\t\t\t\t\t\t\t\t<\/figure>\n\t\t\t\t\t\t\t\t\t<\/div>\n\t\t\t\t<\/div>\n\t\t\t\t\t<\/div>\n\t\t<\/div>\n\t\t\t\t<div class=\"elementor-column elementor-col-33 elementor-inner-column elementor-element elementor-element-b3e05d9\" data-id=\"b3e05d9\" data-element_type=\"column\" data-e-type=\"column\">\n\t\t\t<div class=\"elementor-widget-wrap elementor-element-populated\">\n\t\t\t\t\t\t<div class=\"elementor-element elementor-element-4f16aed8 elementor-widget elementor-widget-image\" data-id=\"4f16aed8\" data-element_type=\"widget\" data-e-type=\"widget\" data-widget_type=\"image.default\">\n\t\t\t\t<div class=\"elementor-widget-container\">\n\t\t\t\t\t\t\t\t\t\t\t\t<figure class=\"wp-caption\">\n\t\t\t\t\t\t\t\t\t\t\t<a href=\"https:\/\/cabletug.com\/pt\/produto\/gasoline-cable-pulling-machine\/\">\n\t\t\t\t\t\t\t<img decoding=\"async\" width=\"600\" height=\"400\" src=\"https:\/\/cabletug.com\/wp-content\/uploads\/2025\/03\/Movable-Cable-Stretching-Machine.jpg\" class=\"attachment-large size-large wp-image-5020\" alt=\"Movable Cable Stretching Machine\" srcset=\"https:\/\/cabletug.com\/wp-content\/uploads\/2025\/03\/Movable-Cable-Stretching-Machine.jpg 600w, https:\/\/cabletug.com\/wp-content\/uploads\/2025\/03\/Movable-Cable-Stretching-Machine-300x200.jpg 300w\" sizes=\"(max-width: 600px) 100vw, 600px\" \/>\t\t\t\t\t\t\t\t<\/a>\n\t\t\t\t\t\t\t\t\t\t\t<figcaption class=\"widget-image-caption wp-caption-text\">M\u00e1quina de esticar cabos m\u00f3veis<\/figcaption>\n\t\t\t\t\t\t\t\t\t\t<\/figure>\n\t\t\t\t\t\t\t\t\t<\/div>\n\t\t\t\t<\/div>\n\t\t\t\t\t<\/div>\n\t\t<\/div>\n\t\t\t\t\t<\/div>\n\t\t<\/section>\n\t\t\t\t<div class=\"elementor-element elementor-element-46bb1f4 elementor-align-left elementor-mobile-align-center elementor-widget elementor-widget-global elementor-global-4452 elementor-widget-button\" data-id=\"46bb1f4\" data-element_type=\"widget\" data-e-type=\"widget\" data-widget_type=\"button.default\">\n\t\t\t\t<div class=\"elementor-widget-container\">\n\t\t\t\t\t\t\t\t\t<div class=\"elementor-button-wrapper\">\n\t\t\t\t\t<a class=\"elementor-button elementor-button-link elementor-size-sm\" href=\"#elementor-action%3Aaction%3Dpopup%3Aopen%26settings%3DeyJpZCI6IjI5NSIsInRvZ2dsZSI6ZmFsc2V9\">\n\t\t\t\t\t\t<span class=\"elementor-button-content-wrapper\">\n\t\t\t\t\t\t\t\t\t<span class=\"elementor-button-text\">Contate-nos<\/span>\n\t\t\t\t\t<\/span>\n\t\t\t\t\t<\/a>\n\t\t\t\t<\/div>\n\t\t\t\t\t\t\t\t<\/div>\n\t\t\t\t<\/div>\n\t\t\t\t\t<\/div>\n\t\t<\/div>\n\t\t\t\t\t<\/div>\n\t\t<\/section>\n\t\t\t\t<\/div>","protected":false},"excerpt":{"rendered":"<p>There are two hot selling models, CF-4 with max 40kn pulling force,CF-6 with max 60kn pulling force Parameters: Model:CF-4 Adjustment:stepless speed change Control mode:control panel + remote control Speed:0~20m\/min Max pulling force:40KN power:5.5kw Power supply\uff1a380v 50hz 3P Overall Dimension:115X30X40cm Net weight:170kg &nbsp; Model:CF-6 Adjustment:stepless speed change Control mode:control panel + remote control Speed:0~20m\/min Max pulling [&hellip;]<\/p>","protected":false},"featured_media":5211,"comment_status":"open","ping_status":"closed","template":"","meta":{"_seopress_robots_primary_cat":"none","_seopress_titles_title":"Electrical Cable Winch40kv or 60kn","_seopress_titles_desc":"work with cable conveyer,save time and cost for your electrical project","_seopress_robots_index":""},"product_brand":[],"product_cat":[83],"product_tag":[],"class_list":{"0":"post-5204","1":"product","2":"type-product","3":"status-publish","4":"has-post-thumbnail","6":"product_cat-cable-winch","8":"first","9":"instock","10":"shipping-taxable","11":"product-type-simple"},"_links":{"self":[{"href":"https:\/\/cabletug.com\/pt\/wp-json\/wp\/v2\/product\/5204","targetHints":{"allow":["GET"]}}],"collection":[{"href":"https:\/\/cabletug.com\/pt\/wp-json\/wp\/v2\/product"}],"about":[{"href":"https:\/\/cabletug.com\/pt\/wp-json\/wp\/v2\/types\/product"}],"replies":[{"embeddable":true,"href":"https:\/\/cabletug.com\/pt\/wp-json\/wp\/v2\/comments?post=5204"}],"version-history":[{"count":6,"href":"https:\/\/cabletug.com\/pt\/wp-json\/wp\/v2\/product\/5204\/revisions"}],"predecessor-version":[{"id":5436,"href":"https:\/\/cabletug.com\/pt\/wp-json\/wp\/v2\/product\/5204\/revisions\/5436"}],"wp:featuredmedia":[{"embeddable":true,"href":"https:\/\/cabletug.com\/pt\/wp-json\/wp\/v2\/media\/5211"}],"wp:attachment":[{"href":"https:\/\/cabletug.com\/pt\/wp-json\/wp\/v2\/media?parent=5204"}],"wp:term":[{"taxonomy":"product_brand","embeddable":true,"href":"https:\/\/cabletug.com\/pt\/wp-json\/wp\/v2\/product_brand?post=5204"},{"taxonomy":"product_cat","embeddable":true,"href":"https:\/\/cabletug.com\/pt\/wp-json\/wp\/v2\/product_cat?post=5204"},{"taxonomy":"product_tag","embeddable":true,"href":"https:\/\/cabletug.com\/pt\/wp-json\/wp\/v2\/product_tag?post=5204"}],"curies":[{"name":"wp","href":"https:\/\/api.w.org\/{rel}","templated":true}]}}