{"id":5246,"date":"2025-04-28T19:25:05","date_gmt":"2025-04-28T11:25:05","guid":{"rendered":"https:\/\/cabletug.com\/?post_type=product&#038;p=5246"},"modified":"2025-05-20T17:27:50","modified_gmt":"2025-05-20T09:27:50","slug":"diesel-gasoline-type-cable-winch","status":"publish","type":"product","link":"https:\/\/cabletug.com\/pt\/produto\/diesel-gasoline-type-cable-winch\/","title":{"rendered":"Guincho de cabo tipo diesel\/gasolina"},"content":{"rendered":"<p>Quando n\u00e3o h\u00e1 fornecimento de energia no local de instala\u00e7\u00e3o do cabo, o guincho de cabo do tipo diesel\/gasolina \u00e9 a melhor op\u00e7\u00e3o.<\/p>\n<h2><strong>Par\u00e2metros<\/strong><\/h2>\n<table>\n<tbody>\n<tr>\n<td width=\"189\"><\/td>\n<td width=\"189\">For\u00e7a m\u00e1xima de tra\u00e7\u00e3o kn<\/td>\n<td width=\"189\">\u00a0Velocidade de tra\u00e7\u00e3o m\/min<\/td>\n<\/tr>\n<tr>\n<td width=\"189\">Velocidade de marcha para frente 1<\/td>\n<td width=\"189\">50<\/td>\n<td width=\"189\">4.5<\/td>\n<\/tr>\n<tr>\n<td width=\"189\">Velocidade de marcha para frente 2<\/td>\n<td width=\"189\">26<\/td>\n<td width=\"189\">8.5<\/td>\n<\/tr>\n<tr>\n<td width=\"189\">Velocidade de marcha para frente 3<\/td>\n<td width=\"189\">20<\/td>\n<td width=\"189\">11<\/td>\n<\/tr>\n<tr>\n<td width=\"189\">Velocidade de avan\u00e7o 4<\/td>\n<td width=\"189\">10<\/td>\n<td width=\"189\">23<\/td>\n<\/tr>\n<tr>\n<td width=\"189\">Velocidade da marcha r\u00e9 1<\/td>\n<td width=\"189\">\/<\/td>\n<td width=\"189\">3.5<\/td>\n<\/tr>\n<tr>\n<td width=\"189\">Velocidade de marcha r\u00e9 2<\/td>\n<td width=\"189\">\/<\/td>\n<td width=\"189\">9<\/td>\n<\/tr>\n<\/tbody>\n<\/table>\n<p>&nbsp;<\/p>\n<h2><strong>Desempenho\u00a0<\/strong><\/h2>\n<p>Projetado para uso em \u00e1reas montanhosas e constru\u00e7\u00e3o em campo.<\/p>\n<p>Ajuste de v\u00e1rias velocidades, opera\u00e7\u00e3o f\u00e1cil<\/p>\n<p>Acoplamento de alta resist\u00eancia para torque forte e seguran\u00e7a confi\u00e1vel.<\/p>\n<p>for\u00e7a de tra\u00e7\u00e3o: 50kn<\/p>\n<p>tamanho: 112*57*58cm<\/p>\n<p>peso: 165 kg<\/p>\n<h2>Diagrama estrutural do guincho de cabo<\/h2>\n<p>Ser\u00e1 f\u00e1cil para voc\u00ea entender o equipamento sobre puxar cabos.<\/p>\n<p><strong> <img fetchpriority=\"high\" decoding=\"async\" class=\"alignnone size-medium wp-image-5248\" src=\"https:\/\/cabletug.com\/wp-content\/uploads\/2025\/04\/cable-winch-structural-diagram-300x225.jpg\" alt=\"cable winch structural diagram\" width=\"300\" height=\"225\" srcset=\"https:\/\/cabletug.com\/wp-content\/uploads\/2025\/04\/cable-winch-structural-diagram-300x225.jpg 300w, https:\/\/cabletug.com\/wp-content\/uploads\/2025\/04\/cable-winch-structural-diagram-768x576.jpg 768w, https:\/\/cabletug.com\/wp-content\/uploads\/2025\/04\/cable-winch-structural-diagram-600x450.jpg 600w, https:\/\/cabletug.com\/wp-content\/uploads\/2025\/04\/cable-winch-structural-diagram.jpg 800w\" sizes=\"(max-width: 300px) 100vw, 300px\" \/><\/strong><\/p>","protected":false},"excerpt":{"rendered":"<p>When there is no power supply in the cable installation site, then the Diesel\/Gasoline Type Cable Winch is the best option. Parameters Max pulling force kn \u00a0Pulling speed m\/min Forward gear speed 1 50 4.5 Forward gear speed 2 26 8.5 Forward gear speed 3 20 11 Forward gear speed 4 10 23 Reverse gear [&hellip;]<\/p>","protected":false},"featured_media":5241,"comment_status":"open","ping_status":"closed","template":"","meta":{"_seopress_robots_primary_cat":"none","_seopress_titles_title":"Diesel\/Gasoline Type Cable Winch","_seopress_titles_desc":"When there is no power supply in the cable installation site, then the Diesel\/Gasoline Type Cable Winch is the best option.","_seopress_robots_index":""},"product_brand":[],"product_cat":[83],"product_tag":[],"class_list":{"0":"post-5246","1":"product","2":"type-product","3":"status-publish","4":"has-post-thumbnail","6":"product_cat-cable-winch","8":"first","9":"instock","10":"shipping-taxable","11":"product-type-simple"},"_links":{"self":[{"href":"https:\/\/cabletug.com\/pt\/wp-json\/wp\/v2\/product\/5246","targetHints":{"allow":["GET"]}}],"collection":[{"href":"https:\/\/cabletug.com\/pt\/wp-json\/wp\/v2\/product"}],"about":[{"href":"https:\/\/cabletug.com\/pt\/wp-json\/wp\/v2\/types\/product"}],"replies":[{"embeddable":true,"href":"https:\/\/cabletug.com\/pt\/wp-json\/wp\/v2\/comments?post=5246"}],"version-history":[{"count":2,"href":"https:\/\/cabletug.com\/pt\/wp-json\/wp\/v2\/product\/5246\/revisions"}],"predecessor-version":[{"id":5330,"href":"https:\/\/cabletug.com\/pt\/wp-json\/wp\/v2\/product\/5246\/revisions\/5330"}],"wp:featuredmedia":[{"embeddable":true,"href":"https:\/\/cabletug.com\/pt\/wp-json\/wp\/v2\/media\/5241"}],"wp:attachment":[{"href":"https:\/\/cabletug.com\/pt\/wp-json\/wp\/v2\/media?parent=5246"}],"wp:term":[{"taxonomy":"product_brand","embeddable":true,"href":"https:\/\/cabletug.com\/pt\/wp-json\/wp\/v2\/product_brand?post=5246"},{"taxonomy":"product_cat","embeddable":true,"href":"https:\/\/cabletug.com\/pt\/wp-json\/wp\/v2\/product_cat?post=5246"},{"taxonomy":"product_tag","embeddable":true,"href":"https:\/\/cabletug.com\/pt\/wp-json\/wp\/v2\/product_tag?post=5246"}],"curies":[{"name":"wp","href":"https:\/\/api.w.org\/{rel}","templated":true}]}}